{"id":1455,"date":"2025-09-05T11:11:38","date_gmt":"2025-09-05T11:11:38","guid":{"rendered":"https:\/\/iat.it-grow.tn\/?page_id=1455"},"modified":"2026-03-31T20:52:33","modified_gmt":"2026-03-31T20:52:33","slug":"contact-us-2","status":"publish","type":"page","link":"https:\/\/ia-tech.net\/francais\/contact-us-2\/","title":{"rendered":"Contactez-nous"},"content":{"rendered":"<div data-elementor-type=\"wp-page\" data-elementor-id=\"1455\" class=\"elementor elementor-1455\">\n\t\t\t\t<div class=\"elementor-element elementor-element-5a7c2c9 e-con-full e-flex wpr-particle-no wpr-jarallax-no wpr-parallax-no wpr-sticky-section-no wpr-equal-height-no e-con e-parent\" data-id=\"5a7c2c9\" data-element_type=\"container\" data-e-type=\"container\" data-settings=\"{&quot;background_background&quot;:&quot;classic&quot;}\">\n\t\t<div class=\"elementor-element elementor-element-9ce386e e-flex e-con-boxed wpr-particle-no wpr-jarallax-no wpr-parallax-no wpr-sticky-section-no wpr-equal-height-no e-con e-child\" data-id=\"9ce386e\" data-element_type=\"container\" data-e-type=\"container\">\n\t\t\t\t\t<div class=\"e-con-inner\">\n\t\t<div class=\"elementor-element elementor-element-12fbb81 e-con-full e-flex wpr-particle-no wpr-jarallax-no wpr-parallax-no wpr-sticky-section-no wpr-equal-height-no e-con e-child\" data-id=\"12fbb81\" data-element_type=\"container\" data-e-type=\"container\" data-settings=\"{&quot;background_background&quot;:&quot;classic&quot;}\">\n\t\t\t\t<div class=\"elementor-element elementor-element-aab30e4 elementor-widget-mobile__width-inherit elementor-widget elementor-widget-heading\" data-id=\"aab30e4\" data-element_type=\"widget\" data-e-type=\"widget\" data-widget_type=\"heading.default\">\n\t\t\t\t\t<h1 class=\"elementor-heading-title elementor-size-default\">Contactez-nous<\/h1>\t\t\t\t<\/div>\n\t\t\t\t<div class=\"elementor-element elementor-element-61cd9b3 elementor-widget__width-initial elementor-widget-mobile__width-inherit elementor-widget elementor-widget-text-editor\" data-id=\"61cd9b3\" data-element_type=\"widget\" data-e-type=\"widget\" data-widget_type=\"text-editor.default\">\n\t\t\t\t\t\t\t\t\t<p>Vous recherchez des informations, une d\u00e9monstration ou un devis\u202f? Remplissez notre formulaire de contact et notre \u00e9quipe vous r\u00e9pondra rapidement.<\/p>\t\t\t\t\t\t\t\t<\/div>\n\t\t\t\t<\/div>\n\t\t<div class=\"elementor-element elementor-element-92154c7 e-con-full e-flex wpr-particle-no wpr-jarallax-no wpr-parallax-no wpr-sticky-section-no wpr-equal-height-no e-con e-child\" data-id=\"92154c7\" data-element_type=\"container\" data-e-type=\"container\">\n\t\t<div class=\"elementor-element elementor-element-f5e61f2 e-con-full e-flex wpr-particle-no wpr-jarallax-no wpr-parallax-no wpr-sticky-section-no wpr-equal-height-no e-con e-child\" data-id=\"f5e61f2\" data-element_type=\"container\" data-e-type=\"container\">\n\t\t<div class=\"elementor-element elementor-element-daa75c8 e-con-full e-flex wpr-particle-no wpr-jarallax-no wpr-parallax-no wpr-sticky-section-no wpr-equal-height-no e-con e-child\" data-id=\"daa75c8\" data-element_type=\"container\" data-e-type=\"container\" data-settings=\"{&quot;background_background&quot;:&quot;classic&quot;}\">\n\t\t<div class=\"elementor-element elementor-element-c2f6a3f e-con-full e-flex wpr-particle-no wpr-jarallax-no wpr-parallax-no wpr-sticky-section-no wpr-equal-height-no e-con e-child\" data-id=\"c2f6a3f\" data-element_type=\"container\" data-e-type=\"container\">\n\t\t\t\t<div class=\"elementor-element elementor-element-6207636 elementor-view-default elementor-widget elementor-widget-icon\" data-id=\"6207636\" data-element_type=\"widget\" data-e-type=\"widget\" data-widget_type=\"icon.default\">\n\t\t\t\t\t\t\t<div class=\"elementor-icon-wrapper\">\n\t\t\t<div class=\"elementor-icon\">\n\t\t\t<svg xmlns=\"http:\/\/www.w3.org\/2000\/svg\" width=\"25\" height=\"25\" viewbox=\"0 0 25 25\" fill=\"none\"><g clip-path=\"url(#clip0_2372_14818)\"><path d=\"M12.6074 6.5C11.8163 6.5 11.0429 6.7346 10.3851 7.17412C9.72735 7.61365 9.21466 8.23836 8.91191 8.96927C8.60915 9.70017 8.52994 10.5044 8.68428 11.2804C8.83862 12.0563 9.21959 12.769 9.779 13.3284C10.3384 13.8878 11.0511 14.2688 11.8271 14.4231C12.603 14.5775 13.4073 14.4983 14.1382 14.1955C14.8691 13.8928 15.4938 13.3801 15.9333 12.7223C16.3728 12.0645 16.6074 11.2911 16.6074 10.5C16.6074 9.43913 16.186 8.42172 15.4359 7.67157C14.6857 6.92143 13.6683 6.5 12.6074 6.5ZM12.6074 12.5C12.2119 12.5 11.8252 12.3827 11.4963 12.1629C11.1674 11.9432 10.911 11.6308 10.7597 11.2654C10.6083 10.8999 10.5687 10.4978 10.6459 10.1098C10.723 9.72186 10.9135 9.36549 11.1932 9.08579C11.4729 8.80608 11.8293 8.6156 12.2172 8.53843C12.6052 8.46126 13.0073 8.50087 13.3728 8.65224C13.7382 8.80362 14.0506 9.05996 14.2704 9.38886C14.4901 9.71776 14.6074 10.1044 14.6074 10.5C14.6074 11.0304 14.3967 11.5391 14.0216 11.9142C13.6466 12.2893 13.1379 12.5 12.6074 12.5Z\" fill=\"#FF3232\"><\/path><path d=\"M12.6077 24.5001C11.7657 24.5044 10.9348 24.3069 10.1848 23.9241C9.43475 23.5413 8.78733 22.9844 8.29673 22.3C4.48573 17.043 2.55273 13.091 2.55273 10.553C2.55273 7.8863 3.6121 5.32877 5.49778 3.44309C7.38345 1.55741 9.94098 0.498047 12.6077 0.498047C15.2745 0.498047 17.832 1.55741 19.7177 3.44309C21.6034 5.32877 22.6627 7.8863 22.6627 10.553C22.6627 13.091 20.7297 17.043 16.9187 22.3C16.4281 22.9844 15.7807 23.5413 15.0307 23.9241C14.2806 24.3069 13.4498 24.5044 12.6077 24.5001ZM12.6077 2.68105C10.5202 2.68343 8.51875 3.51377 7.04261 4.98992C5.56646 6.46606 4.73612 8.46746 4.73373 10.555C4.73373 12.565 6.62673 16.282 10.0627 21.021C10.3544 21.4228 10.7371 21.7498 11.1794 21.9753C11.6218 22.2008 12.1112 22.3183 12.6077 22.3183C13.1042 22.3183 13.5937 22.2008 14.036 21.9753C14.4784 21.7498 14.861 21.4228 15.1527 21.021C18.5887 16.282 20.4817 12.565 20.4817 10.555C20.4794 8.46746 19.649 6.46606 18.1729 4.98992C16.6967 3.51377 14.6953 2.68343 12.6077 2.68105Z\" fill=\"#FF3232\"><\/path><\/g><defs><clippath id=\"clip0_2372_14818\"><rect width=\"24\" height=\"24\" fill=\"white\" transform=\"translate(0.607422 0.5)\"><\/rect><\/clippath><\/defs><\/svg>\t\t\t<\/div>\n\t\t<\/div>\n\t\t\t\t\t\t<\/div>\n\t\t<div class=\"elementor-element elementor-element-b55d644 e-con-full e-flex wpr-particle-no wpr-jarallax-no wpr-parallax-no wpr-sticky-section-no wpr-equal-height-no e-con e-child\" data-id=\"b55d644\" data-element_type=\"container\" data-e-type=\"container\">\n\t\t\t\t<div class=\"elementor-element elementor-element-592cd99 elementor-widget elementor-widget-heading\" data-id=\"592cd99\" data-element_type=\"widget\" data-e-type=\"widget\" data-widget_type=\"heading.default\">\n\t\t\t\t\t<h5 class=\"elementor-heading-title elementor-size-default\">Notre emplacement<\/h5>\t\t\t\t<\/div>\n\t\t\t\t<div class=\"elementor-element elementor-element-641879c elementor-widget elementor-widget-text-editor\" data-id=\"641879c\" data-element_type=\"widget\" data-e-type=\"widget\" data-widget_type=\"text-editor.default\">\n\t\t\t\t\t\t\t\t\tSi\u00e8ge\u202f: B309\/310, Megrine Business Center, route Z4, St Gobain, Tunisie\t\t\t\t\t\t\t\t<\/div>\n\t\t\t\t<\/div>\n\t\t\t\t<\/div>\n\t\t<div class=\"elementor-element elementor-element-c5c2cce e-con-full e-flex wpr-particle-no wpr-jarallax-no wpr-parallax-no wpr-sticky-section-no wpr-equal-height-no e-con e-child\" data-id=\"c5c2cce\" data-element_type=\"container\" data-e-type=\"container\">\n\t\t\t\t<div class=\"elementor-element elementor-element-5da2ec8 elementor-view-default elementor-widget elementor-widget-icon\" data-id=\"5da2ec8\" data-element_type=\"widget\" data-e-type=\"widget\" data-widget_type=\"icon.default\">\n\t\t\t\t\t\t\t<div class=\"elementor-icon-wrapper\">\n\t\t\t<div class=\"elementor-icon\">\n\t\t\t<svg xmlns=\"http:\/\/www.w3.org\/2000\/svg\" width=\"25\" height=\"25\" viewbox=\"0 0 25 25\" fill=\"none\"><g clip-path=\"url(#clip0_2372_14824)\"><path d=\"M13.6074 1.49964C13.6074 1.23443 13.7127 0.980073 13.9003 0.792537C14.0878 0.605001 14.3422 0.499644 14.6074 0.499644C17.2587 0.502555 19.8005 1.55706 21.6752 3.43179C23.55 5.30653 24.6045 7.84837 24.6074 10.4996C24.6074 10.7649 24.502 11.0192 24.3145 11.2068C24.1269 11.3943 23.8726 11.4996 23.6074 11.4996C23.3422 11.4996 23.0878 11.3943 22.9003 11.2068C22.7127 11.0192 22.6074 10.7649 22.6074 10.4996C22.605 8.37864 21.7614 6.3452 20.2616 4.84542C18.7618 3.34565 16.7284 2.50203 14.6074 2.49964C14.3422 2.49964 14.0878 2.39429 13.9003 2.20675C13.7127 2.01921 13.6074 1.76486 13.6074 1.49964ZM14.6074 6.49964C15.6683 6.49964 16.6857 6.92107 17.4358 7.67122C18.186 8.42136 18.6074 9.43878 18.6074 10.4996C18.6074 10.7649 18.7127 11.0192 18.9003 11.2068C19.0878 11.3943 19.3422 11.4996 19.6074 11.4996C19.8726 11.4996 20.127 11.3943 20.3145 11.2068C20.502 11.0192 20.6074 10.7649 20.6074 10.4996C20.6058 8.90883 19.9731 7.38363 18.8483 6.25876C17.7234 5.13388 16.1982 4.50123 14.6074 4.49964C14.3422 4.49964 14.0878 4.605 13.9003 4.79254C13.7127 4.98007 13.6074 5.23443 13.6074 5.49964C13.6074 5.76486 13.7127 6.01921 13.9003 6.20675C14.0878 6.39429 14.3422 6.49964 14.6074 6.49964ZM23.7004 17.2386C24.2799 17.8198 24.6053 18.607 24.6053 19.4276C24.6053 20.2483 24.2799 21.0355 23.7004 21.6166L22.7904 22.6656C14.6004 30.5066 -5.32959 10.5816 2.39041 2.36564L3.5404 1.36564C4.12217 0.802321 4.90233 0.490693 5.71211 0.498179C6.52188 0.505664 7.29614 0.831662 7.8674 1.40564C7.8984 1.43664 9.7514 3.84364 9.7514 3.84364C10.3012 4.42127 10.6073 5.18857 10.606 5.98605C10.6047 6.78352 10.2961 7.54982 9.7444 8.12564L8.5864 9.58165C9.22725 11.1388 10.1695 12.5539 11.3589 13.7457C12.5483 14.9376 13.9616 15.8827 15.5174 16.5266L16.9824 15.3616C17.5583 14.8104 18.3244 14.5021 19.1217 14.501C19.9189 14.4999 20.6859 14.806 21.2634 15.3556C21.2634 15.3556 23.6694 17.2076 23.7004 17.2386ZM22.3244 18.6926C22.3244 18.6926 19.9314 16.8516 19.9004 16.8206C19.6944 16.6164 19.416 16.5018 19.1259 16.5018C18.8358 16.5018 18.5574 16.6164 18.3514 16.8206C18.3244 16.8486 16.3074 18.4556 16.3074 18.4556C16.1715 18.5638 16.0097 18.6348 15.838 18.6614C15.6664 18.6881 15.4907 18.6695 15.3284 18.6076C13.3129 17.8572 11.4821 16.6824 9.96023 15.1627C8.43833 13.6431 7.2608 11.8141 6.5074 9.79965C6.4406 9.6351 6.41882 9.45573 6.4443 9.27998C6.46979 9.10423 6.54161 8.93844 6.6524 8.79965C6.6524 8.79965 8.2594 6.78164 8.2864 6.75564C8.49067 6.54963 8.60528 6.27126 8.60528 5.98114C8.60528 5.69103 8.49067 5.41266 8.2864 5.20664C8.2554 5.17664 6.4144 2.78164 6.4144 2.78164C6.2053 2.59415 5.9324 2.49374 5.65165 2.50099C5.37089 2.50824 5.10354 2.62261 4.9044 2.82064L3.7544 3.82064C-1.88759 10.6046 15.3834 26.9176 21.3284 21.2996L22.2394 20.2496C22.4529 20.0519 22.5811 19.7789 22.5969 19.4883C22.6128 19.1978 22.5151 18.9125 22.3244 18.6926Z\" fill=\"#FF3232\"><\/path><\/g><defs><clippath id=\"clip0_2372_14824\"><rect width=\"24\" height=\"24\" fill=\"white\" transform=\"translate(0.607422 0.5)\"><\/rect><\/clippath><\/defs><\/svg>\t\t\t<\/div>\n\t\t<\/div>\n\t\t\t\t\t\t<\/div>\n\t\t<div class=\"elementor-element elementor-element-284aeb6 e-con-full e-flex wpr-particle-no wpr-jarallax-no wpr-parallax-no wpr-sticky-section-no wpr-equal-height-no e-con e-child\" data-id=\"284aeb6\" data-element_type=\"container\" data-e-type=\"container\">\n\t\t\t\t<div class=\"elementor-element elementor-element-c8fa1d7 elementor-widget elementor-widget-heading\" data-id=\"c8fa1d7\" data-element_type=\"widget\" data-e-type=\"widget\" data-widget_type=\"heading.default\">\n\t\t\t\t\t<h5 class=\"elementor-heading-title elementor-size-default\">Num\u00e9ro de t\u00e9l\u00e9phone<\/h5>\t\t\t\t<\/div>\n\t\t\t\t<div class=\"elementor-element elementor-element-a94f3e9 elementor-widget elementor-widget-text-editor\" data-id=\"a94f3e9\" data-element_type=\"widget\" data-e-type=\"widget\" data-widget_type=\"text-editor.default\">\n\t\t\t\t\t\t\t\t\t+216 31 39 91 20\t\t\t\t\t\t\t\t<\/div>\n\t\t\t\t<\/div>\n\t\t\t\t<\/div>\n\t\t<div class=\"elementor-element elementor-element-e0df665 e-con-full e-flex wpr-particle-no wpr-jarallax-no wpr-parallax-no wpr-sticky-section-no wpr-equal-height-no e-con e-child\" data-id=\"e0df665\" data-element_type=\"container\" data-e-type=\"container\">\n\t\t\t\t<div class=\"elementor-element elementor-element-364b6f6 elementor-view-default elementor-widget elementor-widget-icon\" data-id=\"364b6f6\" data-element_type=\"widget\" data-e-type=\"widget\" data-widget_type=\"icon.default\">\n\t\t\t\t\t\t\t<div class=\"elementor-icon-wrapper\">\n\t\t\t<div class=\"elementor-icon\">\n\t\t\t<svg xmlns=\"http:\/\/www.w3.org\/2000\/svg\" width=\"25\" height=\"25\" viewbox=\"0 0 25 25\" fill=\"none\"><g clip-path=\"url(#clip0_2372_14830)\"><path d=\"M19.6074 1.5H5.60742C4.28183 1.50159 3.01098 2.02888 2.07364 2.96622C1.1363 3.90356 0.60901 5.17441 0.607422 6.5L0.607422 18.5C0.60901 19.8256 1.1363 21.0964 2.07364 22.0338C3.01098 22.9711 4.28183 23.4984 5.60742 23.5H19.6074C20.933 23.4984 22.2039 22.9711 23.1412 22.0338C24.0785 21.0964 24.6058 19.8256 24.6074 18.5V6.5C24.6058 5.17441 24.0785 3.90356 23.1412 2.96622C22.2039 2.02888 20.933 1.50159 19.6074 1.5ZM5.60742 3.5H19.6074C20.2062 3.50118 20.7909 3.68151 21.2864 4.0178C21.7818 4.35409 22.1653 4.83095 22.3874 5.387L14.7294 13.046C14.1659 13.6073 13.4028 13.9225 12.6074 13.9225C11.812 13.9225 11.049 13.6073 10.4854 13.046L2.82742 5.387C3.04957 4.83095 3.43304 4.35409 3.92847 4.0178C4.4239 3.68151 5.00864 3.50118 5.60742 3.5ZM19.6074 21.5H5.60742C4.81177 21.5 4.04871 21.1839 3.4861 20.6213C2.92349 20.0587 2.60742 19.2956 2.60742 18.5V8L9.07142 14.46C10.01 15.3963 11.2817 15.922 12.6074 15.922C13.9332 15.922 15.2048 15.3963 16.1434 14.46L22.6074 8V18.5C22.6074 19.2956 22.2914 20.0587 21.7287 20.6213C21.1661 21.1839 20.4031 21.5 19.6074 21.5Z\" fill=\"#FF3232\"><\/path><\/g><defs><clippath id=\"clip0_2372_14830\"><rect width=\"24\" height=\"24\" fill=\"white\" transform=\"translate(0.607422 0.5)\"><\/rect><\/clippath><\/defs><\/svg>\t\t\t<\/div>\n\t\t<\/div>\n\t\t\t\t\t\t<\/div>\n\t\t<div class=\"elementor-element elementor-element-a19424e e-con-full e-flex wpr-particle-no wpr-jarallax-no wpr-parallax-no wpr-sticky-section-no wpr-equal-height-no e-con e-child\" data-id=\"a19424e\" data-element_type=\"container\" data-e-type=\"container\">\n\t\t\t\t<div class=\"elementor-element elementor-element-9c49b01 elementor-widget elementor-widget-heading\" data-id=\"9c49b01\" data-element_type=\"widget\" data-e-type=\"widget\" data-widget_type=\"heading.default\">\n\t\t\t\t\t<h5 class=\"elementor-heading-title elementor-size-default\">Adresse e-mail<\/h5>\t\t\t\t<\/div>\n\t\t\t\t<div class=\"elementor-element elementor-element-5aad06c elementor-widget elementor-widget-text-editor\" data-id=\"5aad06c\" data-element_type=\"widget\" data-e-type=\"widget\" data-widget_type=\"text-editor.default\">\n\t\t\t\t\t\t\t\t\tinfo@ia-tech.net\t\t\t\t\t\t\t\t<\/div>\n\t\t\t\t<\/div>\n\t\t\t\t<\/div>\n\t\t\t\t<\/div>\n\t\t\t\t<\/div>\n\t\t<div class=\"elementor-element elementor-element-721636a e-con-full e-flex wpr-particle-no wpr-jarallax-no wpr-parallax-no wpr-sticky-section-no wpr-equal-height-no e-con e-child\" data-id=\"721636a\" data-element_type=\"container\" data-e-type=\"container\">\n\t\t\t\t<div class=\"elementor-element elementor-element-1dd1630 elementor-widget elementor-widget-shortcode\" data-id=\"1dd1630\" data-element_type=\"widget\" data-e-type=\"widget\" data-widget_type=\"shortcode.default\">\n\t\t\t\t\t\t\t<div class=\"elementor-shortcode\"><div class=\"forminator-ui forminator-custom-form forminator-custom-form-589 forminator-design--default  forminator_ajax\" data-forminator-render=\"0\" data-form=\"forminator-module-589\" data-uid=\"69e50e31e12cf\"><br\/><\/div><form\n\t\t\t\tid=\"forminator-module-589\"\n\t\t\t\tclass=\"forminator-ui forminator-custom-form forminator-custom-form-589 forminator-design--default  forminator_ajax\"\n\t\t\t\tmethod=\"post\"\n\t\t\t\tdata-forminator-render=\"0\"\n\t\t\t\tdata-form-id=\"589\"\n\t\t\t\t data-color-option=\"theme\" data-design=\"default\" data-grid=\"open\" style=\"display: none;\"\n\t\t\t\tdata-uid=\"69e50e31e12cf\" action=\"\"\n\t\t\t><div role=\"alert\" aria-live=\"polite\" class=\"forminator-response-message forminator-error\" aria-hidden=\"true\"><\/div><div class=\"forminator-row\"><div id=\"name-1\" class=\"forminator-field-name forminator-col forminator-col-12\"><div class=\"forminator-field\"><label for=\"forminator-field-name-1_69e50e31e12cf\" id=\"forminator-field-name-1_69e50e31e12cf-label\" class=\"forminator-label\">Nom <span class=\"forminator-required\">*<\/span><\/label><input type=\"text\" name=\"name-1\" value=\"\" placeholder=\"\u00c9crivez ici\" id=\"forminator-field-name-1_69e50e31e12cf\" class=\"forminator-input forminator-name--field\" aria-required=\"true\" autocomplete=\"name\" \/><\/div><\/div><\/div><div class=\"forminator-row\"><div id=\"email-1\" class=\"forminator-field-email forminator-col forminator-col-12\"><div class=\"forminator-field\"><label for=\"forminator-field-email-1_69e50e31e12cf\" id=\"forminator-field-email-1_69e50e31e12cf-label\" class=\"forminator-label\">Email <span class=\"forminator-required\">*<\/span><\/label><input type=\"email\" name=\"email-1\" value=\"\" placeholder=\"\u00c9crivez ici\" id=\"forminator-field-email-1_69e50e31e12cf\" class=\"forminator-input forminator-email--field\" data-required=\"1\" aria-required=\"true\" autocomplete=\"email\" \/><\/div><\/div><\/div><div class=\"forminator-row\"><div id=\"text-1\" class=\"forminator-field-text forminator-col forminator-col-12\"><div class=\"forminator-field\"><label for=\"forminator-field-text-1_69e50e31e12cf\" id=\"forminator-field-text-1_69e50e31e12cf-label\" class=\"forminator-label\">Sujet <span class=\"forminator-required\">*<\/span><\/label><input type=\"text\" name=\"text-1\" value=\"\" placeholder=\"\u00c9crivez ici\" id=\"forminator-field-text-1_69e50e31e12cf\" class=\"forminator-input forminator-name--field\" data-required=\"1\" \/><\/div><\/div><\/div><div class=\"forminator-row\"><div id=\"textarea-1\" class=\"forminator-field-textarea forminator-col forminator-col-12\"><div class=\"forminator-field\"><label for=\"forminator-field-textarea-1_69e50e31e12cf\" id=\"forminator-field-textarea-1_69e50e31e12cf-label\" class=\"forminator-label\">Message <span class=\"forminator-required\">*<\/span><\/label><textarea name=\"textarea-1\" placeholder=\"\u00c9crivez ici\" id=\"forminator-field-textarea-1_69e50e31e12cf\" class=\"forminator-textarea\" rows=\"6\" style=\"min-height:140px;\" ><\/textarea><\/div><\/div><\/div><input type=\"hidden\" name=\"referer_url\" value=\"\" \/><div class=\"forminator-row forminator-row-last\"><div class=\"forminator-col\"><div class=\"forminator-field\"><button class=\"forminator-button forminator-button-submit\">Envoyer<\/button><\/div><\/div><\/div><input type=\"hidden\" id=\"forminator_nonce\" name=\"forminator_nonce\" value=\"a02864dab6\" \/><input type=\"hidden\" name=\"_wp_http_referer\" value=\"\/francais\/wp-json\/wp\/v2\/pages\/1455\" \/><input type=\"hidden\" name=\"form_id\" value=\"589\"><input type=\"hidden\" name=\"page_id\" value=\"1455\"><input type=\"hidden\" name=\"form_type\" value=\"default\"><input type=\"hidden\" name=\"current_url\" value=\"https:\/\/ia-tech.net\/francais\/contact-us-2\/\"><input type=\"hidden\" name=\"render_id\" value=\"0\"><input type=\"hidden\" name=\"action\" value=\"forminator_submit_form_custom-forms\"><input type=\"hidden\" name=\"trp-form-language\" value=\"francais\"\/><\/form><\/div>\n\t\t\t\t\t\t<\/div>\n\t\t\t\t<\/div>\n\t\t\t\t<\/div>\n\t\t<div class=\"elementor-element elementor-element-15e0b6a e-con-full e-flex wpr-particle-no wpr-jarallax-no wpr-parallax-no wpr-sticky-section-no wpr-equal-height-no e-con e-child\" data-id=\"15e0b6a\" data-element_type=\"container\" data-e-type=\"container\">\n\t\t\t\t<div class=\"elementor-element elementor-element-3e37ade elementor-widget elementor-widget-shortcode\" data-id=\"3e37ade\" data-element_type=\"widget\" data-e-type=\"widget\" data-widget_type=\"shortcode.default\">\n\t\t\t\t\t\t\t<div class=\"elementor-shortcode\"><div class=\"map_wrapper\" id=\"map_wrapper_1756\">\n<div class=\"map_box\" style=\"max-width:2000px\">\n<div class=\"map_aspect_ratio\" style=\"padding-top:56%\" data-padding-top=\"56%\" data-padding-top-mobile=\"0%\">\n<div class=\"map_container\">\n<div class=\"map_render map_loading\" id=\"map_1756\"><\/div>\n<\/div>\n<\/div>\n<\/div>\n<\/div><\/div>\n\t\t\t\t\t\t<\/div>\n\t\t\t\t<\/div>\n\t\t\t\t\t<\/div>\n\t\t\t\t<\/div>\n\t\t\t\t<\/div>\n\t\t\t\t<\/div>","protected":false},"excerpt":{"rendered":"<p>Contact US Looking for information, a demo, or a quote? Fill out our contact form and our team will get back to you promptly. Our Location Headquarter: B309\/310 Megrine Business Center, Z4 road, St Gobain, Tunisia Phone Number +216 31 39 91 20 Email Address info@ia-tech.net<\/p>","protected":false},"author":2,"featured_media":0,"parent":0,"menu_order":0,"comment_status":"closed","ping_status":"closed","template":"elementor_header_footer","meta":{"site-sidebar-layout":"no-sidebar","site-content-layout":"","ast-site-content-layout":"full-width-container","site-content-style":"default","site-sidebar-style":"default","ast-global-header-display":"","ast-banner-title-visibility":"","ast-main-header-display":"","ast-hfb-above-header-display":"","ast-hfb-below-header-display":"","ast-hfb-mobile-header-display":"","site-post-title":"","ast-breadcrumbs-content":"","ast-featured-img":"disabled","footer-sml-layout":"","ast-disable-related-posts":"","theme-transparent-header-meta":"","adv-header-id-meta":"","stick-header-meta":"","header-above-stick-meta":"","header-main-stick-meta":"","header-below-stick-meta":"","astra-migrate-meta-layouts":"default","ast-page-background-enabled":"default","ast-page-background-meta":{"desktop":{"background-color":"var(--ast-global-color-5)","background-image":"","background-repeat":"repeat","background-position":"center center","background-size":"auto","background-attachment":"scroll","background-type":"","background-media":"","overlay-type":"","overlay-color":"","overlay-opacity":"","overlay-gradient":""},"tablet":{"background-color":"","background-image":"","background-repeat":"repeat","background-position":"center center","background-size":"auto","background-attachment":"scroll","background-type":"","background-media":"","overlay-type":"","overlay-color":"","overlay-opacity":"","overlay-gradient":""},"mobile":{"background-color":"","background-image":"","background-repeat":"repeat","background-position":"center center","background-size":"auto","background-attachment":"scroll","background-type":"","background-media":"","overlay-type":"","overlay-color":"","overlay-opacity":"","overlay-gradient":""}},"ast-content-background-meta":{"desktop":{"background-color":"var(--ast-global-color-4)","background-image":"","background-repeat":"repeat","background-position":"center center","background-size":"auto","background-attachment":"scroll","background-type":"","background-media":"","overlay-type":"","overlay-color":"","overlay-opacity":"","overlay-gradient":""},"tablet":{"background-color":"var(--ast-global-color-4)","background-image":"","background-repeat":"repeat","background-position":"center center","background-size":"auto","background-attachment":"scroll","background-type":"","background-media":"","overlay-type":"","overlay-color":"","overlay-opacity":"","overlay-gradient":""},"mobile":{"background-color":"var(--ast-global-color-4)","background-image":"","background-repeat":"repeat","background-position":"center center","background-size":"auto","background-attachment":"scroll","background-type":"","background-media":"","overlay-type":"","overlay-color":"","overlay-opacity":"","overlay-gradient":""}},"footnotes":""},"class_list":["post-1455","page","type-page","status-publish","hentry"],"_links":{"self":[{"href":"https:\/\/ia-tech.net\/francais\/wp-json\/wp\/v2\/pages\/1455","targetHints":{"allow":["GET"]}}],"collection":[{"href":"https:\/\/ia-tech.net\/francais\/wp-json\/wp\/v2\/pages"}],"about":[{"href":"https:\/\/ia-tech.net\/francais\/wp-json\/wp\/v2\/types\/page"}],"author":[{"embeddable":true,"href":"https:\/\/ia-tech.net\/francais\/wp-json\/wp\/v2\/users\/2"}],"replies":[{"embeddable":true,"href":"https:\/\/ia-tech.net\/francais\/wp-json\/wp\/v2\/comments?post=1455"}],"version-history":[{"count":6,"href":"https:\/\/ia-tech.net\/francais\/wp-json\/wp\/v2\/pages\/1455\/revisions"}],"predecessor-version":[{"id":3927,"href":"https:\/\/ia-tech.net\/francais\/wp-json\/wp\/v2\/pages\/1455\/revisions\/3927"}],"wp:attachment":[{"href":"https:\/\/ia-tech.net\/francais\/wp-json\/wp\/v2\/media?parent=1455"}],"curies":[{"name":"wp","href":"https:\/\/api.w.org\/{rel}","templated":true}]}}