{"id":314,"date":"2025-08-28T10:17:19","date_gmt":"2025-08-28T10:17:19","guid":{"rendered":"https:\/\/iat.it-grow.tn\/?page_id=314"},"modified":"2026-03-31T17:14:26","modified_gmt":"2026-03-31T17:14:26","slug":"rd-services-energy-iot-smart-grid-smart-metering","status":"publish","type":"page","link":"https:\/\/ia-tech.net\/francais\/rd-services-energy-iot\/rd-services-energy-iot-smart-grid-smart-metering\/","title":{"rendered":"R&amp;D Services &#8211; Energy &amp; Iot \/ Smart Grid &amp; Smart Metering"},"content":{"rendered":"<div data-elementor-type=\"wp-page\" data-elementor-id=\"314\" class=\"elementor elementor-314\">\n\t\t\t\t<div class=\"elementor-element elementor-element-0ab5b97 e-con-full e-flex wpr-particle-no wpr-jarallax-no wpr-parallax-no wpr-sticky-section-no wpr-equal-height-no e-con e-parent\" data-id=\"0ab5b97\" data-element_type=\"container\" data-e-type=\"container\" data-settings=\"{&quot;background_background&quot;:&quot;classic&quot;}\">\n\t\t<div class=\"elementor-element elementor-element-4b0f01f e-flex e-con-boxed wpr-particle-no wpr-jarallax-no wpr-parallax-no wpr-sticky-section-no wpr-equal-height-no e-con e-child\" data-id=\"4b0f01f\" data-element_type=\"container\" data-e-type=\"container\">\n\t\t\t\t\t<div class=\"e-con-inner\">\n\t\t<div class=\"elementor-element elementor-element-90155f4 e-con-full e-flex wpr-particle-no wpr-jarallax-no wpr-parallax-no wpr-sticky-section-no wpr-equal-height-no e-con e-child\" data-id=\"90155f4\" data-element_type=\"container\" data-e-type=\"container\" data-settings=\"{&quot;background_background&quot;:&quot;classic&quot;}\">\n\t\t\t\t<div class=\"elementor-element elementor-element-eac72e6 elementor-widget-mobile__width-inherit elementor-widget elementor-widget-heading\" data-id=\"eac72e6\" data-element_type=\"widget\" data-e-type=\"widget\" data-widget_type=\"heading.default\">\n\t\t\t\t\t<h1 class=\"elementor-heading-title elementor-size-default\">R\u00e9seau intelligent et compteurs intelligents<\/h1>\t\t\t\t<\/div>\n\t\t\t\t<\/div>\n\t\t<div class=\"elementor-element elementor-element-57eba65 e-con-full e-flex wpr-particle-no wpr-jarallax-no wpr-parallax-no wpr-sticky-section-no wpr-equal-height-no e-con e-child\" data-id=\"57eba65\" data-element_type=\"container\" data-e-type=\"container\">\n\t\t<div class=\"elementor-element elementor-element-6010bbb e-con-full e-flex wpr-particle-no wpr-jarallax-no wpr-parallax-no wpr-sticky-section-no wpr-equal-height-no e-con e-child\" data-id=\"6010bbb\" data-element_type=\"container\" data-e-type=\"container\">\n\t\t<div class=\"elementor-element elementor-element-7815201 e-con-full right-service-section e-flex wpr-particle-no wpr-jarallax-no wpr-parallax-no wpr-sticky-section-no wpr-equal-height-no e-con e-child\" data-id=\"7815201\" data-element_type=\"container\" data-e-type=\"container\">\n\t\t<div class=\"elementor-element elementor-element-c9e6287 e-con-full e-flex wpr-particle-no wpr-jarallax-no wpr-parallax-no wpr-sticky-section-no wpr-equal-height-no e-con e-child\" data-id=\"c9e6287\" data-element_type=\"container\" data-e-type=\"container\" data-settings=\"{&quot;background_background&quot;:&quot;classic&quot;}\">\n\t\t\t\t<div class=\"elementor-element elementor-element-73b636d elementor-icon-list--layout-traditional elementor-list-item-link-full_width elementor-widget elementor-widget-icon-list\" data-id=\"73b636d\" data-element_type=\"widget\" data-e-type=\"widget\" data-widget_type=\"icon-list.default\">\n\t\t\t\t\t\t\t<ul class=\"elementor-icon-list-items\">\n\t\t\t\t\t\t\t<li class=\"elementor-icon-list-item\">\n\t\t\t\t\t\t\t\t\t\t\t<a href=\"#dev\">\n\n\t\t\t\t\t\t\t\t\t\t\t\t<span class=\"elementor-icon-list-icon\">\n\t\t\t\t\t\t\t<svg aria-hidden=\"true\" class=\"e-font-icon-svg e-fas-circle\" viewbox=\"0 0 512 512\" xmlns=\"http:\/\/www.w3.org\/2000\/svg\"><path d=\"M256 8C119 8 8 119 8 256s111 248 248 248 248-111 248-248S393 8 256 8z\"><\/path><\/svg>\t\t\t\t\t\t<\/span>\n\t\t\t\t\t\t\t\t\t\t<span class=\"elementor-icon-list-text\">D\u00e9veloppement de compteurs intelligents<\/span>\n\t\t\t\t\t\t\t\t\t\t\t<\/a>\n\t\t\t\t\t\t\t\t\t<\/li>\n\t\t\t\t\t\t\t\t<li class=\"elementor-icon-list-item\">\n\t\t\t\t\t\t\t\t\t\t\t<a href=\"#integration\">\n\n\t\t\t\t\t\t\t\t\t\t\t\t<span class=\"elementor-icon-list-icon\">\n\t\t\t\t\t\t\t<svg aria-hidden=\"true\" class=\"e-font-icon-svg e-fas-circle\" viewbox=\"0 0 512 512\" xmlns=\"http:\/\/www.w3.org\/2000\/svg\"><path d=\"M256 8C119 8 8 119 8 256s111 248 248 248 248-111 248-248S393 8 256 8z\"><\/path><\/svg>\t\t\t\t\t\t<\/span>\n\t\t\t\t\t\t\t\t\t\t<span class=\"elementor-icon-list-text\">Int\u00e9gration de protocoles (DLMS, M-Bus, Euridis\u2026).<\/span>\n\t\t\t\t\t\t\t\t\t\t\t<\/a>\n\t\t\t\t\t\t\t\t\t<\/li>\n\t\t\t\t\t\t\t\t<li class=\"elementor-icon-list-item\">\n\t\t\t\t\t\t\t\t\t\t\t<a href=\"#concentrateurs\">\n\n\t\t\t\t\t\t\t\t\t\t\t\t<span class=\"elementor-icon-list-icon\">\n\t\t\t\t\t\t\t<svg aria-hidden=\"true\" class=\"e-font-icon-svg e-fas-circle\" viewbox=\"0 0 512 512\" xmlns=\"http:\/\/www.w3.org\/2000\/svg\"><path d=\"M256 8C119 8 8 119 8 256s111 248 248 248 248-111 248-248S393 8 256 8z\"><\/path><\/svg>\t\t\t\t\t\t<\/span>\n\t\t\t\t\t\t\t\t\t\t<span class=\"elementor-icon-list-text\">Concentrateurs de donn\u00e9es &amp; syst\u00e8mes Head-End<\/span>\n\t\t\t\t\t\t\t\t\t\t\t<\/a>\n\t\t\t\t\t\t\t\t\t<\/li>\n\t\t\t\t\t\t<\/ul>\n\t\t\t\t\t\t<\/div>\n\t\t\t\t<\/div>\n\t\t<div class=\"elementor-element elementor-element-cb0710f e-con-full e-flex wpr-particle-no wpr-jarallax-no wpr-parallax-no wpr-sticky-section-no wpr-equal-height-no e-con e-child\" data-id=\"cb0710f\" data-element_type=\"container\" data-e-type=\"container\" data-settings=\"{&quot;background_background&quot;:&quot;classic&quot;}\">\n\t\t<div class=\"elementor-element elementor-element-4ea5fc4 e-con-full e-flex wpr-particle-no wpr-jarallax-no wpr-parallax-no wpr-sticky-section-no wpr-equal-height-no e-con e-child\" data-id=\"4ea5fc4\" data-element_type=\"container\" data-e-type=\"container\">\n\t\t\t\t<div class=\"elementor-element elementor-element-4cdbef9 elementor-widget elementor-widget-heading\" data-id=\"4cdbef9\" data-element_type=\"widget\" data-e-type=\"widget\" data-widget_type=\"heading.default\">\n\t\t\t\t\t<h3 class=\"elementor-heading-title elementor-size-default\">L\u2019expertise IAT au c\u0153ur de vos compteurs intelligents<\/h3>\t\t\t\t<\/div>\n\t\t\t\t<div class=\"elementor-element elementor-element-f70c6fe elementor-widget elementor-widget-text-editor\" data-id=\"f70c6fe\" data-element_type=\"widget\" data-e-type=\"widget\" data-widget_type=\"text-editor.default\">\n\t\t\t\t\t\t\t\t\t<p>Des couches firmware aux protocoles pr\u00eats pour la certification, nous accompagnons les fabricants \u00e0 chaque \u00e9tape du d\u00e9veloppement et de l\u2019industrialisation.<br \/>\ud83d\udcd0 Des solutions robustes, optimis\u00e9es et \u00e9prouv\u00e9es sur le terrain.<\/p>\t\t\t\t\t\t\t\t<\/div>\n\t\t\t\t<\/div>\n\t\t\t\t<\/div>\n\t\t\t\t<\/div>\n\t\t\t\t<\/div>\n\t\t<div class=\"elementor-element elementor-element-2f24c72 e-con-full e-flex wpr-particle-no wpr-jarallax-no wpr-parallax-no wpr-sticky-section-no wpr-equal-height-no e-con e-child\" data-id=\"2f24c72\" data-element_type=\"container\" data-e-type=\"container\">\n\t\t<div class=\"elementor-element elementor-element-b14926b e-con-full e-flex wpr-particle-no wpr-jarallax-no wpr-parallax-no wpr-sticky-section-no wpr-equal-height-no e-con e-child\" data-id=\"b14926b\" data-element_type=\"container\" data-e-type=\"container\" data-settings=\"{&quot;background_background&quot;:&quot;classic&quot;}\">\n\t\t\t\t<div class=\"elementor-element elementor-element-d2e03a9 elementor-widget elementor-widget-text-editor\" data-id=\"d2e03a9\" data-element_type=\"widget\" data-e-type=\"widget\" data-widget_type=\"text-editor.default\">\n\t\t\t\t\t\t\t\t\t<p class=\"translation-block\">L'essor des r\u00e9seaux intelligents transforme la mani\u00e8re dont l'\u00e9nergie est produite, mesur\u00e9e et consomm\u00e9e.\n\n\nChez IAT, nous contribuons activement \u00e0 cette \u00e9volution en d\u00e9veloppant des solutions de comptage intelligent et d'infrastructure de r\u00e9seau.\n\n\nDe la conception des compteurs connect\u00e9s \u00e0 l'int\u00e9gration des protocoles de communication et au d\u00e9ploiement des syst\u00e8mes Head-End, nous fournissons les technologies de base qui permettent aux services publics de surveiller les performances, de g\u00e9rer la facturation et d'optimiser l'efficacit\u00e9 \u00e9nerg\u00e9tique.\n\n\nNotre expertise couvre l'ensemble de la cha\u00eene : capteurs, microprogrammes embarqu\u00e9s, protocoles, concentrateurs de donn\u00e9es et plateformes backend.<\/p>\t\t\t\t\t\t\t\t<\/div>\n\t\t\t\t<\/div>\n\t\t<div class=\"elementor-element elementor-element-993f0c8 e-con-full e-flex wpr-particle-no wpr-jarallax-no wpr-parallax-no wpr-sticky-section-no wpr-equal-height-no e-con e-child\" data-id=\"993f0c8\" data-element_type=\"container\" data-e-type=\"container\" id=\"dev\" data-settings=\"{&quot;background_background&quot;:&quot;classic&quot;}\">\n\t\t<div class=\"elementor-element elementor-element-f63e10e e-con-full e-flex wpr-particle-no wpr-jarallax-no wpr-parallax-no wpr-sticky-section-no wpr-equal-height-no e-con e-child\" data-id=\"f63e10e\" data-element_type=\"container\" data-e-type=\"container\">\n\t\t\t\t<div class=\"elementor-element elementor-element-5b7743d elementor-widget elementor-widget-heading\" data-id=\"5b7743d\" data-element_type=\"widget\" data-e-type=\"widget\" data-widget_type=\"heading.default\">\n\t\t\t\t\t<h2 class=\"elementor-heading-title elementor-size-default\">D\u00e9veloppement de compteurs intelligents<\/h2>\t\t\t\t<\/div>\n\t\t\t\t<div class=\"elementor-element elementor-element-0f69479 elementor-widget elementor-widget-text-editor\" data-id=\"0f69479\" data-element_type=\"widget\" data-e-type=\"widget\" data-widget_type=\"text-editor.default\">\n\t\t\t\t\t\t\t\t\t<p class=\"translation-block\">IAT con\u00e7oit et d\u00e9veloppe des compteurs d'\u00e9nergie intelligents (monophas\u00e9s, triphas\u00e9s, pr\u00e9paiement) en collaboration avec des fabricants de mat\u00e9riel. Nous sommes sp\u00e9cialis\u00e9s dans l'architecture logicielle embarqu\u00e9e, l'int\u00e9gration de piles de protocoles (DLMS\/COSEM, STS\u2026), l'enregistrement d'\u00e9v\u00e9nements et de donn\u00e9es, la mesure d'\u00e9nergie, la d\u00e9tection de fraude et l'interface utilisateur.\n\n\nNous accompagnons \u00e9galement nos clients tout au long des processus de certification m\u00e9trologique (MID, IEC, STS) gr\u00e2ce \u00e0 des outils de test, de tra\u00e7abilit\u00e9 et de validation<\/p>\t\t\t\t\t\t\t\t<\/div>\n\t\t\t\t<\/div>\n\t\t<div class=\"elementor-element elementor-element-6e972cd e-con-full e-flex wpr-particle-no wpr-jarallax-no wpr-parallax-no wpr-sticky-section-no wpr-equal-height-no e-con e-child\" data-id=\"6e972cd\" data-element_type=\"container\" data-e-type=\"container\">\n\t\t\t\t<div class=\"elementor-element elementor-element-d425af0 elementor-widget elementor-widget-image\" data-id=\"d425af0\" data-element_type=\"widget\" data-e-type=\"widget\" data-widget_type=\"image.default\">\n\t\t\t\t\t\t\t\t\t\t\t\t\t\t\t<img fetchpriority=\"high\" decoding=\"async\" width=\"450\" height=\"483\" src=\"https:\/\/ia-tech.net\/wp-content\/uploads\/2025\/09\/IMG-28.png\" class=\"attachment-full size-full wp-image-1908\" alt=\"\" srcset=\"https:\/\/ia-tech.net\/wp-content\/uploads\/2025\/09\/IMG-28.png 450w, https:\/\/ia-tech.net\/wp-content\/uploads\/2025\/09\/IMG-28-280x300.png 280w\" sizes=\"(max-width: 450px) 100vw, 450px\" \/>\t\t\t\t\t\t\t\t\t\t\t\t\t\t\t<\/div>\n\t\t\t\t<\/div>\n\t\t\t\t<\/div>\n\t\t<div class=\"elementor-element elementor-element-b3ceebf e-con-full e-flex wpr-particle-no wpr-jarallax-no wpr-parallax-no wpr-sticky-section-no wpr-equal-height-no e-con e-child\" data-id=\"b3ceebf\" data-element_type=\"container\" data-e-type=\"container\" id=\"integration\" data-settings=\"{&quot;background_background&quot;:&quot;classic&quot;}\">\n\t\t<div class=\"elementor-element elementor-element-0a78fcc e-con-full e-flex wpr-particle-no wpr-jarallax-no wpr-parallax-no wpr-sticky-section-no wpr-equal-height-no e-con e-child\" data-id=\"0a78fcc\" data-element_type=\"container\" data-e-type=\"container\">\n\t\t\t\t<div class=\"elementor-element elementor-element-e1ffd6b elementor-widget elementor-widget-heading\" data-id=\"e1ffd6b\" data-element_type=\"widget\" data-e-type=\"widget\" data-widget_type=\"heading.default\">\n\t\t\t\t\t<h2 class=\"elementor-heading-title elementor-size-default\">Int\u00e9gration de protocoles (DLMS, M-Bus, Euridis\u2026).<\/h2>\t\t\t\t<\/div>\n\t\t\t\t<div class=\"elementor-element elementor-element-a911808 elementor-widget elementor-widget-text-editor\" data-id=\"a911808\" data-element_type=\"widget\" data-e-type=\"widget\" data-widget_type=\"text-editor.default\">\n\t\t\t\t\t\t\t\t\t<p>Nous proposons un ensemble complet de piles de protocoles de communication, pr\u00eates \u00e0 \u00eatre int\u00e9gr\u00e9es pour les compteurs et les concentrateurs. Nos piles (DLMS\/COSEM, M-Bus, Wireless M-Bus, Euridis\u2026) sont compatibles avec diverses plateformes (ARM Cortex-M, Embedded Linux\u2026) et respectent les normes internationales. Elles sont fournies avec des outils de configuration, des scripts de test et un support de certification optionnel via des laboratoires agr\u00e9\u00e9s.<\/p>\t\t\t\t\t\t\t\t<\/div>\n\t\t\t\t<\/div>\n\t\t<div class=\"elementor-element elementor-element-46ed1a1 e-con-full e-flex wpr-particle-no wpr-jarallax-no wpr-parallax-no wpr-sticky-section-no wpr-equal-height-no e-con e-child\" data-id=\"46ed1a1\" data-element_type=\"container\" data-e-type=\"container\">\n\t\t\t\t<div class=\"elementor-element elementor-element-921ca4f elementor-widget elementor-widget-image\" data-id=\"921ca4f\" data-element_type=\"widget\" data-e-type=\"widget\" data-widget_type=\"image.default\">\n\t\t\t\t\t\t\t\t\t\t\t\t\t\t\t<img decoding=\"async\" width=\"449\" height=\"475\" src=\"https:\/\/ia-tech.net\/wp-content\/uploads\/2025\/09\/IMG-29.png\" class=\"attachment-full size-full wp-image-1909\" alt=\"\" srcset=\"https:\/\/ia-tech.net\/wp-content\/uploads\/2025\/09\/IMG-29.png 449w, https:\/\/ia-tech.net\/wp-content\/uploads\/2025\/09\/IMG-29-284x300.png 284w\" sizes=\"(max-width: 449px) 100vw, 449px\" \/>\t\t\t\t\t\t\t\t\t\t\t\t\t\t\t<\/div>\n\t\t\t\t<\/div>\n\t\t\t\t<\/div>\n\t\t<div class=\"elementor-element elementor-element-4653e33 e-con-full e-flex wpr-particle-no wpr-jarallax-no wpr-parallax-no wpr-sticky-section-no wpr-equal-height-no e-con e-child\" data-id=\"4653e33\" data-element_type=\"container\" data-e-type=\"container\" id=\"concentrateurs\" data-settings=\"{&quot;background_background&quot;:&quot;classic&quot;}\">\n\t\t<div class=\"elementor-element elementor-element-40b4869 e-con-full e-flex wpr-particle-no wpr-jarallax-no wpr-parallax-no wpr-sticky-section-no wpr-equal-height-no e-con e-child\" data-id=\"40b4869\" data-element_type=\"container\" data-e-type=\"container\">\n\t\t\t\t<div class=\"elementor-element elementor-element-f38f8fe elementor-widget elementor-widget-heading\" data-id=\"f38f8fe\" data-element_type=\"widget\" data-e-type=\"widget\" data-widget_type=\"heading.default\">\n\t\t\t\t\t<h2 class=\"elementor-heading-title elementor-size-default\">Concentrateurs de donn\u00e9es &amp; syst\u00e8mes Head-End<\/h2>\t\t\t\t<\/div>\n\t\t\t\t<div class=\"elementor-element elementor-element-a84a503 elementor-widget elementor-widget-text-editor\" data-id=\"a84a503\" data-element_type=\"widget\" data-e-type=\"widget\" data-widget_type=\"text-editor.default\">\n\t\t\t\t\t\t\t\t\t<p class=\"translation-block\">IAT d\u00e9veloppe des micrologiciels pour les concentrateurs de donn\u00e9es (DCU) et les passerelles industrielles capables de collecter, d'agr\u00e9ger et de transmettre des donn\u00e9es issues de flottes h\u00e9t\u00e9rog\u00e8nes de compteurs. Ces micrologiciels de DCU prennent en charge plusieurs protocoles de communication (RS485, CPL, RF, M-Bus, etc.) et offrent des fonctionnalit\u00e9s locales telles que la mise en m\u00e9moire tampon des donn\u00e9es, le filtrage, l'enregistrement et le chiffrement.\n\n\nNous fournissons \u00e9galement des modules logiciels backend (syst\u00e8mes Head-End) pour la gestion des DCU et l'activation de la communication bidirectionnelle avec les syst\u00e8mes MDM. Les fonctionnalit\u00e9s comprennent la surveillance des appareils, la configuration \u00e0 distance, les mises \u00e0 jour OTA, la gestion des \u00e9v\u00e9nements et des interfaces API s\u00e9curis\u00e9es.<\/p>\t\t\t\t\t\t\t\t<\/div>\n\t\t\t\t<\/div>\n\t\t<div class=\"elementor-element elementor-element-289594e e-con-full e-flex wpr-particle-no wpr-jarallax-no wpr-parallax-no wpr-sticky-section-no wpr-equal-height-no e-con e-child\" data-id=\"289594e\" data-element_type=\"container\" data-e-type=\"container\">\n\t\t\t\t<div class=\"elementor-element elementor-element-2eb13d5 elementor-widget elementor-widget-image\" data-id=\"2eb13d5\" data-element_type=\"widget\" data-e-type=\"widget\" data-widget_type=\"image.default\">\n\t\t\t\t\t\t\t\t\t\t\t\t\t\t\t<img decoding=\"async\" width=\"337\" height=\"465\" src=\"https:\/\/ia-tech.net\/wp-content\/uploads\/2025\/09\/IMG-30.png\" class=\"attachment-full size-full wp-image-1910\" alt=\"\" srcset=\"https:\/\/ia-tech.net\/wp-content\/uploads\/2025\/09\/IMG-30.png 337w, https:\/\/ia-tech.net\/wp-content\/uploads\/2025\/09\/IMG-30-217x300.png 217w\" sizes=\"(max-width: 337px) 100vw, 337px\" \/>\t\t\t\t\t\t\t\t\t\t\t\t\t\t\t<\/div>\n\t\t\t\t<\/div>\n\t\t\t\t<\/div>\n\t\t\t\t<\/div>\n\t\t\t\t<\/div>\n\t\t\t\t\t<\/div>\n\t\t\t\t<\/div>\n\t\t\t\t<\/div>\n\t\t\t\t<\/div>","protected":false},"excerpt":{"rendered":"<p>Smart Grid &amp; Smart Metering Development of smart meters Integration of protocols (DLMS, M-Bus, Euridis, etc.) Data concentrators &amp; Head-End systems IAT expertise at the core of your smart meters From firmware layers to certification-ready protocols, we support manufacturers through every step of development and industrialization.\ud83d\udcd0 Robust, optimized, and field-proven solutions. The rise of smart grids is transforming the way energy is generated, measured, and consumed.At IAT, we are actively contributing to this shift through the development of smart metering and grid infrastructure solutions.From the design of connected meters to the integration of communication protocols and the deployment of Head-End systems, we deliver the core technologies that empower utilities to monitor performance, manage billing, and optimize energy efficiency.Our expertise spans the full chain: sensors, embedded firmware, protocols, data concentrators, and backend platforms. Development of smart meters IAT designs and develops smart energy meters (single-phase, three-phase, prepayment) in collaboration with hardware manufacturers. We specialize in embedded software architecture, protocol stack integration(DLMS\/COSEM, STS\u2026), event and data logging, energy measurement, fraud detection, and user interface.We also support clients through metrological certification processes (MID, IEC, STS) with tailored testing, traceability, and validation tools. Integration of protocols (DLMS, M-Bus, Euridis, etc.) We offer a comprehensive set of ready-to-integrate communication protocol stacks for meters and concentrators. Our stacks (DLMS\/COSEM, M-Bus, Wireless M-Bus, Euridis\u2026) are compatible with various platforms (ARM Cortex-M, Embedded Linux\u2026) and meet international standards. They come with configuration tools, testing scripts, and optional certification support through accredited labs. \u2028 Data concentrators &amp; Head-End systems IAT develops firmware for data concentrators (DCUs) and industrial gateways capable of collecting,aggregating, and transmitting data from heterogeneous fleets of meters. These DCUs firmware supportmultiple communication protocols (RS485, PLC, RF, M-Bus, etc.) and offer local features such as databuffering, filtering, logging, and encryption.We also provide backend software modules (Head-End Systems) for managing DCUs and enabling two-waycommunication with MDM systems. Features include device monitoring, remote configuration, OTAupdates, event handling, and secure API interfaces.<\/p>","protected":false},"author":2,"featured_media":0,"parent":233,"menu_order":0,"comment_status":"closed","ping_status":"closed","template":"elementor_header_footer","meta":{"site-sidebar-layout":"no-sidebar","site-content-layout":"","ast-site-content-layout":"full-width-container","site-content-style":"default","site-sidebar-style":"default","ast-global-header-display":"","ast-banner-title-visibility":"","ast-main-header-display":"","ast-hfb-above-header-display":"","ast-hfb-below-header-display":"","ast-hfb-mobile-header-display":"","site-post-title":"","ast-breadcrumbs-content":"","ast-featured-img":"disabled","footer-sml-layout":"","ast-disable-related-posts":"","theme-transparent-header-meta":"default","adv-header-id-meta":"","stick-header-meta":"","header-above-stick-meta":"","header-main-stick-meta":"","header-below-stick-meta":"","astra-migrate-meta-layouts":"set","ast-page-background-enabled":"default","ast-page-background-meta":{"desktop":{"background-color":"var(--ast-global-color-5)","background-image":"","background-repeat":"repeat","background-position":"center center","background-size":"auto","background-attachment":"scroll","background-type":"","background-media":"","overlay-type":"","overlay-color":"","overlay-opacity":"","overlay-gradient":""},"tablet":{"background-color":"","background-image":"","background-repeat":"repeat","background-position":"center center","background-size":"auto","background-attachment":"scroll","background-type":"","background-media":"","overlay-type":"","overlay-color":"","overlay-opacity":"","overlay-gradient":""},"mobile":{"background-color":"","background-image":"","background-repeat":"repeat","background-position":"center center","background-size":"auto","background-attachment":"scroll","background-type":"","background-media":"","overlay-type":"","overlay-color":"","overlay-opacity":"","overlay-gradient":""}},"ast-content-background-meta":{"desktop":{"background-color":"var(--ast-global-color-4)","background-image":"","background-repeat":"repeat","background-position":"center center","background-size":"auto","background-attachment":"scroll","background-type":"","background-media":"","overlay-type":"","overlay-color":"","overlay-opacity":"","overlay-gradient":""},"tablet":{"background-color":"var(--ast-global-color-4)","background-image":"","background-repeat":"repeat","background-position":"center center","background-size":"auto","background-attachment":"scroll","background-type":"","background-media":"","overlay-type":"","overlay-color":"","overlay-opacity":"","overlay-gradient":""},"mobile":{"background-color":"var(--ast-global-color-4)","background-image":"","background-repeat":"repeat","background-position":"center center","background-size":"auto","background-attachment":"scroll","background-type":"","background-media":"","overlay-type":"","overlay-color":"","overlay-opacity":"","overlay-gradient":""}},"footnotes":""},"class_list":["post-314","page","type-page","status-publish","hentry"],"_links":{"self":[{"href":"https:\/\/ia-tech.net\/francais\/wp-json\/wp\/v2\/pages\/314","targetHints":{"allow":["GET"]}}],"collection":[{"href":"https:\/\/ia-tech.net\/francais\/wp-json\/wp\/v2\/pages"}],"about":[{"href":"https:\/\/ia-tech.net\/francais\/wp-json\/wp\/v2\/types\/page"}],"author":[{"embeddable":true,"href":"https:\/\/ia-tech.net\/francais\/wp-json\/wp\/v2\/users\/2"}],"replies":[{"embeddable":true,"href":"https:\/\/ia-tech.net\/francais\/wp-json\/wp\/v2\/comments?post=314"}],"version-history":[{"count":42,"href":"https:\/\/ia-tech.net\/francais\/wp-json\/wp\/v2\/pages\/314\/revisions"}],"predecessor-version":[{"id":3879,"href":"https:\/\/ia-tech.net\/francais\/wp-json\/wp\/v2\/pages\/314\/revisions\/3879"}],"up":[{"embeddable":true,"href":"https:\/\/ia-tech.net\/francais\/wp-json\/wp\/v2\/pages\/233"}],"wp:attachment":[{"href":"https:\/\/ia-tech.net\/francais\/wp-json\/wp\/v2\/media?parent=314"}],"curies":[{"name":"wp","href":"https:\/\/api.w.org\/{rel}","templated":true}]}}