{"id":319,"date":"2025-08-28T10:22:12","date_gmt":"2025-08-28T10:22:12","guid":{"rendered":"https:\/\/iat.it-grow.tn\/?page_id=319"},"modified":"2026-03-31T17:43:46","modified_gmt":"2026-03-31T17:43:46","slug":"rd-services-energy-iot-embedded-systems-protocols","status":"publish","type":"page","link":"https:\/\/ia-tech.net\/francais\/rd-services-energy-iot\/rd-services-energy-iot-embedded-systems-protocols\/","title":{"rendered":"R&amp;D Services &#8211; Energy &amp; IOT \/ Embedded Systems &amp; Protocols"},"content":{"rendered":"<div data-elementor-type=\"wp-page\" data-elementor-id=\"319\" class=\"elementor elementor-319\">\n\t\t\t\t<div class=\"elementor-element elementor-element-90fae70 e-con-full e-flex wpr-particle-no wpr-jarallax-no wpr-parallax-no wpr-sticky-section-no wpr-equal-height-no e-con e-parent\" data-id=\"90fae70\" data-element_type=\"container\" data-e-type=\"container\" data-settings=\"{&quot;background_background&quot;:&quot;classic&quot;}\">\n\t\t<div class=\"elementor-element elementor-element-65fa098 e-flex e-con-boxed wpr-particle-no wpr-jarallax-no wpr-parallax-no wpr-sticky-section-no wpr-equal-height-no e-con e-child\" data-id=\"65fa098\" data-element_type=\"container\" data-e-type=\"container\">\n\t\t\t\t\t<div class=\"e-con-inner\">\n\t\t<div class=\"elementor-element elementor-element-6dc5150 e-con-full e-flex wpr-particle-no wpr-jarallax-no wpr-parallax-no wpr-sticky-section-no wpr-equal-height-no e-con e-child\" data-id=\"6dc5150\" data-element_type=\"container\" data-e-type=\"container\" data-settings=\"{&quot;background_background&quot;:&quot;classic&quot;}\">\n\t\t\t\t<div class=\"elementor-element elementor-element-b30de77 elementor-widget-mobile__width-inherit elementor-widget elementor-widget-heading\" data-id=\"b30de77\" data-element_type=\"widget\" data-e-type=\"widget\" data-widget_type=\"heading.default\">\n\t\t\t\t\t<h1 class=\"elementor-heading-title elementor-size-default\">Expertise en d\u00e9veloppement embarqu\u00e9  <\/h1>\t\t\t\t<\/div>\n\t\t\t\t<\/div>\n\t\t<div class=\"elementor-element elementor-element-93ac0e9 e-con-full e-flex wpr-particle-no wpr-jarallax-no wpr-parallax-no wpr-sticky-section-no wpr-equal-height-no e-con e-child\" data-id=\"93ac0e9\" data-element_type=\"container\" data-e-type=\"container\">\n\t\t<div class=\"elementor-element elementor-element-39fbb23 e-con-full e-flex wpr-particle-no wpr-jarallax-no wpr-parallax-no wpr-sticky-section-no wpr-equal-height-no e-con e-child\" data-id=\"39fbb23\" data-element_type=\"container\" data-e-type=\"container\">\n\t\t<div class=\"elementor-element elementor-element-9701f61 e-con-full right-service-section e-flex wpr-particle-no wpr-jarallax-no wpr-parallax-no wpr-sticky-section-no wpr-equal-height-no e-con e-child\" data-id=\"9701f61\" data-element_type=\"container\" data-e-type=\"container\">\n\t\t<div class=\"elementor-element elementor-element-f4f424b e-con-full e-flex wpr-particle-no wpr-jarallax-no wpr-parallax-no wpr-sticky-section-no wpr-equal-height-no e-con e-child\" data-id=\"f4f424b\" data-element_type=\"container\" data-e-type=\"container\" data-settings=\"{&quot;background_background&quot;:&quot;classic&quot;}\">\n\t\t<div class=\"elementor-element elementor-element-77dcbf7 e-con-full e-flex wpr-particle-no wpr-jarallax-no wpr-parallax-no wpr-sticky-section-no wpr-equal-height-no e-con e-child\" data-id=\"77dcbf7\" data-element_type=\"container\" data-e-type=\"container\">\n\t\t\t\t<div class=\"elementor-element elementor-element-43be1f8 elementor-widget elementor-widget-heading\" data-id=\"43be1f8\" data-element_type=\"widget\" data-e-type=\"widget\" data-widget_type=\"heading.default\">\n\t\t\t\t\t<h3 class=\"elementor-heading-title elementor-size-default\">Des stacks con\u00e7us pour durer, test\u00e9s pour performer.<\/h3>\t\t\t\t<\/div>\n\t\t\t\t<div class=\"elementor-element elementor-element-41b086e elementor-widget elementor-widget-text-editor\" data-id=\"41b086e\" data-element_type=\"widget\" data-e-type=\"widget\" data-widget_type=\"text-editor.default\">\n\t\t\t\t\t\t\t\t\tInterop\u00e9rabilit\u00e9 garantie, du compteur au concentrateur.\t\t\t\t\t\t\t\t<\/div>\n\t\t\t\t<div class=\"elementor-element elementor-element-a0bed11 elementor-align-justify elementor-widget elementor-widget-button\" data-id=\"a0bed11\" data-element_type=\"widget\" data-e-type=\"widget\" data-widget_type=\"button.default\">\n\t\t\t\t\t\t\t\t\t\t<a class=\"elementor-button elementor-button-link elementor-size-sm\" href=\"\/francais\/products\/\">\n\t\t\t\t\t\t<span class=\"elementor-button-content-wrapper\">\n\t\t\t\t\t\t<span class=\"elementor-button-icon\">\n\t\t\t\t<svg xmlns=\"http:\/\/www.w3.org\/2000\/svg\" width=\"20\" height=\"21\" viewbox=\"0 0 20 21\" fill=\"none\"><path d=\"M7.5 15.9132L12.5 10.9132L7.5 5.91321\" stroke=\"#F6F6F6\" stroke-width=\"2\" stroke-linecap=\"round\" stroke-linejoin=\"round\"><\/path><\/svg>\t\t\t<\/span>\n\t\t\t\t\t\t\t\t\t<span class=\"elementor-button-text\">Nos produits<\/span>\n\t\t\t\t\t<\/span>\n\t\t\t\t\t<\/a>\n\t\t\t\t\t\t\t\t<\/div>\n\t\t\t\t<\/div>\n\t\t\t\t<\/div>\n\t\t<div class=\"elementor-element elementor-element-18382e3 e-con-full e-flex wpr-particle-no wpr-jarallax-no wpr-parallax-no wpr-sticky-section-no wpr-equal-height-no e-con e-child\" data-id=\"18382e3\" data-element_type=\"container\" data-e-type=\"container\" data-settings=\"{&quot;background_background&quot;:&quot;classic&quot;}\">\n\t\t\t\t<div class=\"elementor-element elementor-element-87da750 elementor-icon-list--layout-traditional elementor-list-item-link-full_width elementor-widget elementor-widget-icon-list\" data-id=\"87da750\" data-element_type=\"widget\" data-e-type=\"widget\" data-widget_type=\"icon-list.default\">\n\t\t\t\t\t\t\t<ul class=\"elementor-icon-list-items\">\n\t\t\t\t\t\t\t<li class=\"elementor-icon-list-item\">\n\t\t\t\t\t\t\t\t\t\t\t<a href=\"#comm\">\n\n\t\t\t\t\t\t\t\t\t\t\t\t<span class=\"elementor-icon-list-icon\">\n\t\t\t\t\t\t\t<svg aria-hidden=\"true\" class=\"e-font-icon-svg e-fas-circle\" viewbox=\"0 0 512 512\" xmlns=\"http:\/\/www.w3.org\/2000\/svg\"><path d=\"M256 8C119 8 8 119 8 256s111 248 248 248 248-111 248-248S393 8 256 8z\"><\/path><\/svg>\t\t\t\t\t\t<\/span>\n\t\t\t\t\t\t\t\t\t\t<span class=\"elementor-icon-list-text\">D\u00e9veloppement de piles de communication<\/span>\n\t\t\t\t\t\t\t\t\t\t\t<\/a>\n\t\t\t\t\t\t\t\t\t<\/li>\n\t\t\t\t\t\t\t\t<li class=\"elementor-icon-list-item\">\n\t\t\t\t\t\t\t\t\t\t\t<a href=\"#pour\">\n\n\t\t\t\t\t\t\t\t\t\t\t\t<span class=\"elementor-icon-list-icon\">\n\t\t\t\t\t\t\t<svg aria-hidden=\"true\" class=\"e-font-icon-svg e-fas-circle\" viewbox=\"0 0 512 512\" xmlns=\"http:\/\/www.w3.org\/2000\/svg\"><path d=\"M256 8C119 8 8 119 8 256s111 248 248 248 248-111 248-248S393 8 256 8z\"><\/path><\/svg>\t\t\t\t\t\t<\/span>\n\t\t\t\t\t\t\t\t\t\t<span class=\"elementor-icon-list-text\">Pour une vari\u00e9t\u00e9 de plateformes<\/span>\n\t\t\t\t\t\t\t\t\t\t\t<\/a>\n\t\t\t\t\t\t\t\t\t<\/li>\n\t\t\t\t\t\t<\/ul>\n\t\t\t\t\t\t<\/div>\n\t\t\t\t<\/div>\n\t\t<div class=\"elementor-element elementor-element-eedecc6 e-con-full e-flex wpr-particle-no wpr-jarallax-no wpr-parallax-no wpr-sticky-section-no wpr-equal-height-no e-con e-child\" data-id=\"eedecc6\" data-element_type=\"container\" data-e-type=\"container\" data-settings=\"{&quot;background_background&quot;:&quot;classic&quot;}\">\n\t\t<div class=\"elementor-element elementor-element-88229e7 e-con-full e-flex wpr-particle-no wpr-jarallax-no wpr-parallax-no wpr-sticky-section-no wpr-equal-height-no e-con e-child\" data-id=\"88229e7\" data-element_type=\"container\" data-e-type=\"container\">\n\t\t\t\t<div class=\"elementor-element elementor-element-ce18c95 elementor-widget elementor-widget-heading\" data-id=\"ce18c95\" data-element_type=\"widget\" data-e-type=\"widget\" data-widget_type=\"heading.default\">\n\t\t\t\t\t<h3 class=\"elementor-heading-title elementor-size-default\">La technologie fiable, l\u00e0 o\u00f9 \u00e7a compte vraiment<\/h3>\t\t\t\t<\/div>\n\t\t\t\t<div class=\"elementor-element elementor-element-e827295 elementor-widget elementor-widget-text-editor\" data-id=\"e827295\" data-element_type=\"widget\" data-e-type=\"widget\" data-widget_type=\"text-editor.default\">\n\t\t\t\t\t\t\t\t\tVos projets exigent plus que de la performance : ils demandent de la robustesse, de l\u2019agilit\u00e9 et une parfaite ex\u00e9cution sur le terrain.\nChez IAT, nous concevons des solutions pr\u00eates pour l\u2019action, m\u00eame dans les environnements les plus exigeants.\n\ud83d\udd27 Fiabilit\u00e9. Flexibilit\u00e9. Interop\u00e9rabilit\u00e9.\t\t\t\t\t\t\t\t<\/div>\n\t\t\t\t<\/div>\n\t\t\t\t<\/div>\n\t\t\t\t<\/div>\n\t\t\t\t<\/div>\n\t\t<div class=\"elementor-element elementor-element-57d03e3 e-con-full e-flex wpr-particle-no wpr-jarallax-no wpr-parallax-no wpr-sticky-section-no wpr-equal-height-no e-con e-child\" data-id=\"57d03e3\" data-element_type=\"container\" data-e-type=\"container\">\n\t\t<div class=\"elementor-element elementor-element-9fa5ef2 e-con-full e-flex wpr-particle-no wpr-jarallax-no wpr-parallax-no wpr-sticky-section-no wpr-equal-height-no e-con e-child\" data-id=\"9fa5ef2\" data-element_type=\"container\" data-e-type=\"container\" id=\"comm\" data-settings=\"{&quot;background_background&quot;:&quot;classic&quot;}\">\n\t\t<div class=\"elementor-element elementor-element-35e5731 e-con-full e-flex wpr-particle-no wpr-jarallax-no wpr-parallax-no wpr-sticky-section-no wpr-equal-height-no e-con e-child\" data-id=\"35e5731\" data-element_type=\"container\" data-e-type=\"container\">\n\t\t\t\t<div class=\"elementor-element elementor-element-06a123d elementor-hidden-mobile elementor-view-default elementor-widget elementor-widget-icon\" data-id=\"06a123d\" data-element_type=\"widget\" data-e-type=\"widget\" data-widget_type=\"icon.default\">\n\t\t\t\t\t\t\t<div class=\"elementor-icon-wrapper\">\n\t\t\t<div class=\"elementor-icon\">\n\t\t\t<svg xmlns=\"http:\/\/www.w3.org\/2000\/svg\" width=\"28\" height=\"28\" viewbox=\"0 0 28 28\" fill=\"none\"><path d=\"M11 14L13 16L17 12M5.85019 10.62C5.70423 9.96253 5.72665 9.27885 5.91535 8.63235C6.10405 7.98584 6.45294 7.39745 6.92966 6.92173C7.40638 6.446 7.9955 6.09835 8.6424 5.911C9.2893 5.72365 9.97303 5.70267 10.6302 5.85001C10.9919 5.28431 11.4902 4.81876 12.0791 4.49629C12.6681 4.17382 13.3287 4.00479 14.0002 4.00479C14.6716 4.00479 15.3323 4.17382 15.9212 4.49629C16.5102 4.81876 17.0085 5.28431 17.3702 5.85001C18.0284 5.70203 18.7133 5.72292 19.3612 5.91072C20.0091 6.09852 20.599 6.44715 21.076 6.92416C21.5531 7.40117 21.9017 7.99108 22.0895 8.63901C22.2773 9.28694 22.2982 9.97184 22.1502 10.63C22.7159 10.9917 23.1814 11.49 23.5039 12.079C23.8264 12.6679 23.9954 13.3286 23.9954 14C23.9954 14.6715 23.8264 15.3321 23.5039 15.9211C23.1814 16.51 22.7159 17.0083 22.1502 17.37C22.2975 18.0272 22.2765 18.7109 22.0892 19.3578C21.9018 20.0047 21.5542 20.5938 21.0785 21.0705C20.6027 21.5473 20.0144 21.8961 19.3679 22.0848C18.7213 22.2736 18.0377 22.296 17.3802 22.15C17.019 22.7179 16.5203 23.1854 15.9303 23.5093C15.3404 23.8332 14.6782 24.0031 14.0052 24.0031C13.3322 24.0031 12.67 23.8332 12.0801 23.5093C11.4901 23.1854 10.9914 22.7179 10.6302 22.15C9.97303 22.2973 9.2893 22.2764 8.6424 22.089C7.9955 21.9017 7.40638 21.554 6.92966 21.0783C6.45294 20.6026 6.10405 20.0142 5.91535 19.3677C5.72665 18.7212 5.70423 18.0375 5.85019 17.38C5.28015 17.0192 4.81061 16.5202 4.48524 15.9292C4.15988 15.3383 3.98926 14.6746 3.98926 14C3.98926 13.3254 4.15988 12.6617 4.48524 12.0708C4.81061 11.4798 5.28015 10.9808 5.85019 10.62Z\" stroke=\"url(#paint0_linear_2099_11248)\" stroke-width=\"2\" stroke-linecap=\"round\" stroke-linejoin=\"round\"><\/path><defs><lineargradient id=\"paint0_linear_2099_11248\" x1=\"3.98926\" y1=\"8.4604\" x2=\"24.474\" y2=\"9.24095\" gradientunits=\"userSpaceOnUse\"><stop stop-color=\"#FF3232\"><\/stop><stop offset=\"0.216346\" stop-color=\"#891313\"><\/stop><stop offset=\"0.403846\" stop-color=\"#A60E0E\"><\/stop><stop offset=\"0.5625\" stop-color=\"#D00C0C\"><\/stop><stop offset=\"0.778846\" stop-color=\"#D00C0C\"><\/stop><stop offset=\"0.850962\" stop-color=\"#891313\"><\/stop><stop offset=\"1\" stop-color=\"#891313\"><\/stop><\/lineargradient><\/defs><\/svg>\t\t\t<\/div>\n\t\t<\/div>\n\t\t\t\t\t\t<\/div>\n\t\t\t\t<div class=\"elementor-element elementor-element-d53cb43 elementor-widget elementor-widget-heading\" data-id=\"d53cb43\" data-element_type=\"widget\" data-e-type=\"widget\" data-widget_type=\"heading.default\">\n\t\t\t\t\t<h2 class=\"elementor-heading-title elementor-size-default\">D\u00e9veloppement de piles de communication  <\/h2>\t\t\t\t<\/div>\n\t\t\t\t<\/div>\n\t\t\t\t<div class=\"elementor-element elementor-element-a83607c elementor-widget elementor-widget-text-editor\" data-id=\"a83607c\" data-element_type=\"widget\" data-e-type=\"widget\" data-widget_type=\"text-editor.default\">\n\t\t\t\t\t\t\t\t\t<p class=\"translation-block\">IAT con\u00e7oit et d\u00e9veloppe des piles de communication embarqu\u00e9es optimis\u00e9es. Ces piles sont con\u00e7ues pour r\u00e9pondre aux standards de l\u2019industrie de l\u2019\u00e9nergie et de la mesure (DLMS, M-Bus, WM-Bus\u2026) tout en garantissant des performances optimales dans des environnements contraints.<br>Chaque pile inclut :<br>\u2022 Une architecture modulaire<br>\u2022 Une documentation technique compl\u00e8te<br>\u2022 Un environnement de simulation pour les tests unitaires<br>\u2022 Des options de chiffrement (AES, TLS, DTLS selon le protocole)<br>\u2022 Des API d\u2019int\u00e9gration pour les environnements firmware existants<\/p>\t\t\t\t\t\t\t\t<\/div>\n\t\t\t\t<div class=\"elementor-element elementor-element-f262a11 elementor-widget elementor-widget-image\" data-id=\"f262a11\" data-element_type=\"widget\" data-e-type=\"widget\" data-widget_type=\"image.default\">\n\t\t\t\t\t\t\t\t\t\t\t\t\t\t\t<img fetchpriority=\"high\" decoding=\"async\" width=\"938\" height=\"523\" src=\"https:\/\/ia-tech.net\/wp-content\/uploads\/2025\/09\/IMG-32.png\" class=\"attachment-large size-large wp-image-1915\" alt=\"\" srcset=\"https:\/\/ia-tech.net\/wp-content\/uploads\/2025\/09\/IMG-32.png 938w, https:\/\/ia-tech.net\/wp-content\/uploads\/2025\/09\/IMG-32-300x167.png 300w, https:\/\/ia-tech.net\/wp-content\/uploads\/2025\/09\/IMG-32-768x428.png 768w\" sizes=\"(max-width: 938px) 100vw, 938px\" \/>\t\t\t\t\t\t\t\t\t\t\t\t\t\t\t<\/div>\n\t\t\t\t<\/div>\n\t\t<div class=\"elementor-element elementor-element-f7f2395 e-con-full e-flex wpr-particle-no wpr-jarallax-no wpr-parallax-no wpr-sticky-section-no wpr-equal-height-no e-con e-child\" data-id=\"f7f2395\" data-element_type=\"container\" data-e-type=\"container\" id=\"pour\" data-settings=\"{&quot;background_background&quot;:&quot;classic&quot;}\">\n\t\t<div class=\"elementor-element elementor-element-edfef1e e-con-full e-flex wpr-particle-no wpr-jarallax-no wpr-parallax-no wpr-sticky-section-no wpr-equal-height-no e-con e-child\" data-id=\"edfef1e\" data-element_type=\"container\" data-e-type=\"container\">\n\t\t\t\t<div class=\"elementor-element elementor-element-b77a9a1 elementor-hidden-mobile elementor-view-default elementor-widget elementor-widget-icon\" data-id=\"b77a9a1\" data-element_type=\"widget\" data-e-type=\"widget\" data-widget_type=\"icon.default\">\n\t\t\t\t\t\t\t<div class=\"elementor-icon-wrapper\">\n\t\t\t<div class=\"elementor-icon\">\n\t\t\t<svg xmlns=\"http:\/\/www.w3.org\/2000\/svg\" width=\"28\" height=\"28\" viewbox=\"0 0 28 28\" fill=\"none\"><path d=\"M11 14L13 16L17 12M5.85019 10.62C5.70423 9.96253 5.72665 9.27885 5.91535 8.63235C6.10405 7.98584 6.45294 7.39745 6.92966 6.92173C7.40638 6.446 7.9955 6.09835 8.6424 5.911C9.2893 5.72365 9.97303 5.70267 10.6302 5.85001C10.9919 5.28431 11.4902 4.81876 12.0791 4.49629C12.6681 4.17382 13.3287 4.00479 14.0002 4.00479C14.6716 4.00479 15.3323 4.17382 15.9212 4.49629C16.5102 4.81876 17.0085 5.28431 17.3702 5.85001C18.0284 5.70203 18.7133 5.72292 19.3612 5.91072C20.0091 6.09852 20.599 6.44715 21.076 6.92416C21.5531 7.40117 21.9017 7.99108 22.0895 8.63901C22.2773 9.28694 22.2982 9.97184 22.1502 10.63C22.7159 10.9917 23.1814 11.49 23.5039 12.079C23.8264 12.6679 23.9954 13.3286 23.9954 14C23.9954 14.6715 23.8264 15.3321 23.5039 15.9211C23.1814 16.51 22.7159 17.0083 22.1502 17.37C22.2975 18.0272 22.2765 18.7109 22.0892 19.3578C21.9018 20.0047 21.5542 20.5938 21.0785 21.0705C20.6027 21.5473 20.0144 21.8961 19.3679 22.0848C18.7213 22.2736 18.0377 22.296 17.3802 22.15C17.019 22.7179 16.5203 23.1854 15.9303 23.5093C15.3404 23.8332 14.6782 24.0031 14.0052 24.0031C13.3322 24.0031 12.67 23.8332 12.0801 23.5093C11.4901 23.1854 10.9914 22.7179 10.6302 22.15C9.97303 22.2973 9.2893 22.2764 8.6424 22.089C7.9955 21.9017 7.40638 21.554 6.92966 21.0783C6.45294 20.6026 6.10405 20.0142 5.91535 19.3677C5.72665 18.7212 5.70423 18.0375 5.85019 17.38C5.28015 17.0192 4.81061 16.5202 4.48524 15.9292C4.15988 15.3383 3.98926 14.6746 3.98926 14C3.98926 13.3254 4.15988 12.6617 4.48524 12.0708C4.81061 11.4798 5.28015 10.9808 5.85019 10.62Z\" stroke=\"url(#paint0_linear_2099_11248)\" stroke-width=\"2\" stroke-linecap=\"round\" stroke-linejoin=\"round\"><\/path><defs><lineargradient id=\"paint0_linear_2099_11248\" x1=\"3.98926\" y1=\"8.4604\" x2=\"24.474\" y2=\"9.24095\" gradientunits=\"userSpaceOnUse\"><stop stop-color=\"#FF3232\"><\/stop><stop offset=\"0.216346\" stop-color=\"#891313\"><\/stop><stop offset=\"0.403846\" stop-color=\"#A60E0E\"><\/stop><stop offset=\"0.5625\" stop-color=\"#D00C0C\"><\/stop><stop offset=\"0.778846\" stop-color=\"#D00C0C\"><\/stop><stop offset=\"0.850962\" stop-color=\"#891313\"><\/stop><stop offset=\"1\" stop-color=\"#891313\"><\/stop><\/lineargradient><\/defs><\/svg>\t\t\t<\/div>\n\t\t<\/div>\n\t\t\t\t\t\t<\/div>\n\t\t\t\t<div class=\"elementor-element elementor-element-d8e71b0 elementor-widget elementor-widget-heading\" data-id=\"d8e71b0\" data-element_type=\"widget\" data-e-type=\"widget\" data-widget_type=\"heading.default\">\n\t\t\t\t\t<h2 class=\"elementor-heading-title elementor-size-default\">Pour une vari\u00e9t\u00e9 de plateformes<\/h2>\t\t\t\t<\/div>\n\t\t\t\t<\/div>\n\t\t\t\t<div class=\"elementor-element elementor-element-6af5c67 elementor-widget elementor-widget-text-editor\" data-id=\"6af5c67\" data-element_type=\"widget\" data-e-type=\"widget\" data-widget_type=\"text-editor.default\">\n\t\t\t\t\t\t\t\t\t<p class=\"translation-block\">Nos solutions logicielles embarqu\u00e9es sont con\u00e7ues pour s\u2019adapter \u00e0 une vari\u00e9t\u00e9 d\u2019environnements syst\u00e8me, qu\u2019ils soient temps r\u00e9el, multit\u00e2che ou bare-metal.<br>Nous d\u00e9veloppons des applications qui s\u2019ex\u00e9cutent sur des plateformes allant de microcontr\u00f4leurs simples \u00e0 des syst\u00e8mes embarqu\u00e9s complexes, en tenant compte des contraintes sp\u00e9cifiques au projet telles que l\u2019utilisation des ressources, les performances et la s\u00e9curit\u00e9.<br>Nous assurons \u00e9galement l\u2019int\u00e9gration des couches d\u2019abstraction mat\u00e9rielle et des interfaces bas niveau afin de garantir la portabilit\u00e9 du logiciel sur diff\u00e9rentes architectures mat\u00e9rielles.<\/p>\t\t\t\t\t\t\t\t<\/div>\n\t\t\t\t<\/div>\n\t\t\t\t<\/div>\n\t\t\t\t<\/div>\n\t\t\t\t\t<\/div>\n\t\t\t\t<\/div>\n\t\t\t\t<\/div>\n\t\t\t\t<\/div>","protected":false},"excerpt":{"rendered":"<p>Embedded Systems &amp; Protocols Stacks built to last, tested to perform. Guaranteed interoperability \u2014 from meters to concentrators. Our Products Communication Stack Development \u200b For a variety of platforms Reliable technology, where it matters most Your projects demand more than performance \u2014 they require robustness, agility, and flawless field execution. At IAT, we build solutions made for action, even in the most demanding environments. \ud83d\udd27 Reliability. Flexibility. Interoperability. Communication Stack Development IAT designs and develops optimized embedded communication stacks. These stacks are built to meet energy and metering industry standards (DLMS, M-Bus, WM-Bus\u2026) while ensuring optimal performance constrained environments.Each stack includes:\u2022 A modular architecture\u2022 Complete technical documentation\u2022 A simulation environment for unit testing\u2022 Encryption options (AES, TLS, DTLS depending on protocol)\u2022 Integration APIs for existing firmware environments For a variety of platforms Our embedded software solutions are designed to adapt to a variety of system environments, whether realtime, multitasking, or bare-metal.We develop applications that run on platforms ranging from basic microcontrollers to complex embedded systems, taking into account project-specific constraints such as resource usage, performance, and security.We also handle the integration of hardware abstraction layers and low-level interfaces to ensure software portability across different hardware architectures.<\/p>","protected":false},"author":2,"featured_media":0,"parent":233,"menu_order":0,"comment_status":"closed","ping_status":"closed","template":"elementor_header_footer","meta":{"site-sidebar-layout":"no-sidebar","site-content-layout":"","ast-site-content-layout":"full-width-container","site-content-style":"default","site-sidebar-style":"default","ast-global-header-display":"","ast-banner-title-visibility":"","ast-main-header-display":"","ast-hfb-above-header-display":"","ast-hfb-below-header-display":"","ast-hfb-mobile-header-display":"","site-post-title":"","ast-breadcrumbs-content":"","ast-featured-img":"disabled","footer-sml-layout":"","ast-disable-related-posts":"","theme-transparent-header-meta":"default","adv-header-id-meta":"","stick-header-meta":"","header-above-stick-meta":"","header-main-stick-meta":"","header-below-stick-meta":"","astra-migrate-meta-layouts":"set","ast-page-background-enabled":"default","ast-page-background-meta":{"desktop":{"background-color":"var(--ast-global-color-5)","background-image":"","background-repeat":"repeat","background-position":"center center","background-size":"auto","background-attachment":"scroll","background-type":"","background-media":"","overlay-type":"","overlay-color":"","overlay-opacity":"","overlay-gradient":""},"tablet":{"background-color":"","background-image":"","background-repeat":"repeat","background-position":"center center","background-size":"auto","background-attachment":"scroll","background-type":"","background-media":"","overlay-type":"","overlay-color":"","overlay-opacity":"","overlay-gradient":""},"mobile":{"background-color":"","background-image":"","background-repeat":"repeat","background-position":"center center","background-size":"auto","background-attachment":"scroll","background-type":"","background-media":"","overlay-type":"","overlay-color":"","overlay-opacity":"","overlay-gradient":""}},"ast-content-background-meta":{"desktop":{"background-color":"var(--ast-global-color-4)","background-image":"","background-repeat":"repeat","background-position":"center center","background-size":"auto","background-attachment":"scroll","background-type":"","background-media":"","overlay-type":"","overlay-color":"","overlay-opacity":"","overlay-gradient":""},"tablet":{"background-color":"var(--ast-global-color-4)","background-image":"","background-repeat":"repeat","background-position":"center center","background-size":"auto","background-attachment":"scroll","background-type":"","background-media":"","overlay-type":"","overlay-color":"","overlay-opacity":"","overlay-gradient":""},"mobile":{"background-color":"var(--ast-global-color-4)","background-image":"","background-repeat":"repeat","background-position":"center center","background-size":"auto","background-attachment":"scroll","background-type":"","background-media":"","overlay-type":"","overlay-color":"","overlay-opacity":"","overlay-gradient":""}},"footnotes":""},"class_list":["post-319","page","type-page","status-publish","hentry"],"_links":{"self":[{"href":"https:\/\/ia-tech.net\/francais\/wp-json\/wp\/v2\/pages\/319","targetHints":{"allow":["GET"]}}],"collection":[{"href":"https:\/\/ia-tech.net\/francais\/wp-json\/wp\/v2\/pages"}],"about":[{"href":"https:\/\/ia-tech.net\/francais\/wp-json\/wp\/v2\/types\/page"}],"author":[{"embeddable":true,"href":"https:\/\/ia-tech.net\/francais\/wp-json\/wp\/v2\/users\/2"}],"replies":[{"embeddable":true,"href":"https:\/\/ia-tech.net\/francais\/wp-json\/wp\/v2\/comments?post=319"}],"version-history":[{"count":45,"href":"https:\/\/ia-tech.net\/francais\/wp-json\/wp\/v2\/pages\/319\/revisions"}],"predecessor-version":[{"id":3897,"href":"https:\/\/ia-tech.net\/francais\/wp-json\/wp\/v2\/pages\/319\/revisions\/3897"}],"up":[{"embeddable":true,"href":"https:\/\/ia-tech.net\/francais\/wp-json\/wp\/v2\/pages\/233"}],"wp:attachment":[{"href":"https:\/\/ia-tech.net\/francais\/wp-json\/wp\/v2\/media?parent=319"}],"curies":[{"name":"wp","href":"https:\/\/api.w.org\/{rel}","templated":true}]}}