{"id":505,"date":"2025-09-02T14:58:15","date_gmt":"2025-09-02T14:58:15","guid":{"rendered":"https:\/\/iat.it-grow.tn\/?page_id=505"},"modified":"2026-03-31T20:05:12","modified_gmt":"2026-03-31T20:05:12","slug":"telecom-it-integration-unified-communication-it","status":"publish","type":"page","link":"https:\/\/ia-tech.net\/francais\/rd-services-energy-iot-products\/telecom-it-integration-unified-communication-it\/","title":{"rendered":"Telecom &amp; IT Integration \/ Unified Communication &amp; IT"},"content":{"rendered":"<div data-elementor-type=\"wp-page\" data-elementor-id=\"505\" class=\"elementor elementor-505\">\n\t\t\t\t<div class=\"elementor-element elementor-element-cdaf60d e-con-full e-flex wpr-particle-no wpr-jarallax-no wpr-parallax-no wpr-sticky-section-no wpr-equal-height-no e-con e-parent\" data-id=\"cdaf60d\" data-element_type=\"container\" data-e-type=\"container\" data-settings=\"{&quot;background_background&quot;:&quot;classic&quot;}\">\n\t\t<div class=\"elementor-element elementor-element-9a4e402 e-flex e-con-boxed wpr-particle-no wpr-jarallax-no wpr-parallax-no wpr-sticky-section-no wpr-equal-height-no e-con e-child\" data-id=\"9a4e402\" data-element_type=\"container\" data-e-type=\"container\">\n\t\t\t\t\t<div class=\"e-con-inner\">\n\t\t<div class=\"elementor-element elementor-element-e9aa2a9 e-con-full e-flex wpr-particle-no wpr-jarallax-no wpr-parallax-no wpr-sticky-section-no wpr-equal-height-no e-con e-child\" data-id=\"e9aa2a9\" data-element_type=\"container\" data-e-type=\"container\" data-settings=\"{&quot;background_background&quot;:&quot;classic&quot;}\">\n\t\t\t\t<div class=\"elementor-element elementor-element-f981211 elementor-widget-mobile__width-inherit elementor-widget elementor-widget-heading\" data-id=\"f981211\" data-element_type=\"widget\" data-e-type=\"widget\" data-widget_type=\"heading.default\">\n\t\t\t\t\t<h1 class=\"elementor-heading-title elementor-size-default\">Solutions d\u2019entreprises<\/h1>\t\t\t\t<\/div>\n\t\t\t\t<div class=\"elementor-element elementor-element-faa250b elementor-widget__width-initial elementor-widget elementor-widget-text-editor\" data-id=\"faa250b\" data-element_type=\"widget\" data-e-type=\"widget\" data-widget_type=\"text-editor.default\">\n\t\t\t\t\t\t\t\t\t<p>Nous red\u00e9finissons l\u2019environnement num\u00e9rique des organisations en combinant <strong data-start=\"148\" data-end=\"191\">infrastructures r\u00e9seau de nouvelle g\u00e9n\u00e9ration<\/strong>, <strong data-start=\"193\" data-end=\"219\">communications unifi\u00e9es<\/strong>, <strong data-start=\"221\" data-end=\"248\">cybers\u00e9curit\u00e9 proactive<\/strong>, et <strong data-start=\"254\" data-end=\"284\">virtualisation intelligente<\/strong> afin d\u2019offrir un environnement de travail plus fluide, plus s\u00fbr et plus performant.<br data-start=\"344\" data-end=\"347\" \/>Nos solutions s\u2019adaptent \u00e0 chaque besoin \u2014 de la PME au grand compte \u2014 pour garantir <strong data-start=\"428\" data-end=\"444\">connectivit\u00e9<\/strong>, <strong data-start=\"446\" data-end=\"462\">productivit\u00e9<\/strong>, et <strong data-start=\"468\" data-end=\"482\">r\u00e9silience<\/strong> au c\u0153ur de l\u2019entreprise moderne.<\/p>\t\t\t\t\t\t\t\t<\/div>\n\t\t\t\t<\/div>\n\t\t<div class=\"elementor-element elementor-element-e545f9e e-con-full e-flex wpr-particle-no wpr-jarallax-no wpr-parallax-no wpr-sticky-section-no wpr-equal-height-no e-con e-child\" data-id=\"e545f9e\" data-element_type=\"container\" data-e-type=\"container\">\n\t\t<div class=\"elementor-element elementor-element-64fe88f e-con-full e-flex wpr-particle-no wpr-jarallax-no wpr-parallax-no wpr-sticky-section-no wpr-equal-height-no e-con e-child\" data-id=\"64fe88f\" data-element_type=\"container\" data-e-type=\"container\">\n\t\t<div class=\"elementor-element elementor-element-efef1c9 e-con-full right-service-section e-flex wpr-particle-no wpr-jarallax-no wpr-parallax-no wpr-sticky-section-no wpr-equal-height-no e-con e-child\" data-id=\"efef1c9\" data-element_type=\"container\" data-e-type=\"container\">\n\t\t<div class=\"elementor-element elementor-element-2c86b35 e-con-full e-flex wpr-particle-no wpr-jarallax-no wpr-parallax-no wpr-sticky-section-no wpr-equal-height-no e-con e-child\" data-id=\"2c86b35\" data-element_type=\"container\" data-e-type=\"container\" data-settings=\"{&quot;background_background&quot;:&quot;classic&quot;}\">\n\t\t<div class=\"elementor-element elementor-element-7fe2726 e-con-full e-flex wpr-particle-no wpr-jarallax-no wpr-parallax-no wpr-sticky-section-no wpr-equal-height-no e-con e-child\" data-id=\"7fe2726\" data-element_type=\"container\" data-e-type=\"container\">\n\t\t\t\t<div class=\"elementor-element elementor-element-9aa7ef9 elementor-widget elementor-widget-heading\" data-id=\"9aa7ef9\" data-element_type=\"widget\" data-e-type=\"widget\" data-widget_type=\"heading.default\">\n\t\t\t\t\t<h3 class=\"elementor-heading-title elementor-size-default\">T\u00e9l\u00e9com &amp; IT \u2013 Int\u00e9gration et Services Op\u00e9rateurs<br>Une expertise reconnue au service des op\u00e9rateurs t\u00e9l\u00e9coms<\/h3>\t\t\t\t<\/div>\n\t\t\t\t<div class=\"elementor-element elementor-element-c131a64 elementor-widget elementor-widget-text-editor\" data-id=\"c131a64\" data-element_type=\"widget\" data-e-type=\"widget\" data-widget_type=\"text-editor.default\">\n\t\t\t\t\t\t\t\t\t<p data-start=\"54\" data-end=\"435\">Nous accompagnons les op\u00e9rateurs dans leurs projets de modernisation, d\u2019int\u00e9gration d\u2019infrastructures et d\u2019\u00e9volution vers des r\u00e9seaux plus performants, plus s\u00e9curis\u00e9s et plus r\u00e9silients.<br data-start=\"322\" data-end=\"325\" \/>Gr\u00e2ce \u00e0 notre savoir-faire terrain, coupl\u00e9 \u00e0 une approche centr\u00e9e sur la fiabilit\u00e9 et la qualit\u00e9 de service, nous garantissons :<\/p>\n\n<ul style=\"margin-left: 1em;\" data-start=\"436\" data-end=\"697\" data-is-last-node=\"\" data-is-only-node=\"\">\n \t<li data-start=\"436\" data-end=\"504\">\n<p data-start=\"438\" data-end=\"504\"><strong data-start=\"438\" data-end=\"467\">Une mise en \u0153uvre ma\u00eetris\u00e9e<\/strong>, de la phase de conception \u00e0 la mise en production<\/p>\n<\/li>\n \t<li data-start=\"505\" data-end=\"606\">\n<p data-start=\"507\" data-end=\"606\"><strong data-start=\"507\" data-end=\"529\">Un support continu<\/strong>, assurant la disponibilit\u00e9 et l\u2019optimisation de vos r\u00e9seaux et plateformes<\/p>\n<\/li>\n \t<li data-start=\"607\" data-end=\"697\" data-is-last-node=\"\">\n<p data-start=\"609\" data-end=\"697\" data-is-last-node=\"\"><strong data-start=\"609\" data-end=\"654\">Une am\u00e9lioration durable de la performance r\u00e9seau<\/strong> pour r\u00e9pondre aux enjeux d\u2019\u00e9chelle et d\u2019agilit\u00e9<\/p>\n<\/li>\n<\/ul>\t\t\t\t\t\t\t\t<\/div>\n\t\t\t\t<\/div>\n\t\t\t\t<\/div>\n\t\t<div class=\"elementor-element elementor-element-30ac96d e-con-full e-flex wpr-particle-no wpr-jarallax-no wpr-parallax-no wpr-sticky-section-no wpr-equal-height-no e-con e-child\" data-id=\"30ac96d\" data-element_type=\"container\" data-e-type=\"container\" data-settings=\"{&quot;background_background&quot;:&quot;classic&quot;}\">\n\t\t\t\t<div class=\"elementor-element elementor-element-c46b64d elementor-icon-list--layout-traditional elementor-list-item-link-full_width elementor-widget elementor-widget-icon-list\" data-id=\"c46b64d\" data-element_type=\"widget\" data-e-type=\"widget\" data-widget_type=\"icon-list.default\">\n\t\t\t\t\t\t\t<ul class=\"elementor-icon-list-items\">\n\t\t\t\t\t\t\t<li class=\"elementor-icon-list-item\">\n\t\t\t\t\t\t\t\t\t\t\t<a href=\"#video\">\n\n\t\t\t\t\t\t\t\t\t\t\t\t<span class=\"elementor-icon-list-icon\">\n\t\t\t\t\t\t\t<svg aria-hidden=\"true\" class=\"e-font-icon-svg e-fas-circle\" viewbox=\"0 0 512 512\" xmlns=\"http:\/\/www.w3.org\/2000\/svg\"><path d=\"M256 8C119 8 8 119 8 256s111 248 248 248 248-111 248-248S393 8 256 8z\"><\/path><\/svg>\t\t\t\t\t\t<\/span>\n\t\t\t\t\t\t\t\t\t\t<span class=\"elementor-icon-list-text\">Vid\u00e9o, VoIP, UCaaS, CCaaS<\/span>\n\t\t\t\t\t\t\t\t\t\t\t<\/a>\n\t\t\t\t\t\t\t\t\t<\/li>\n\t\t\t\t\t\t\t\t<li class=\"elementor-icon-list-item\">\n\t\t\t\t\t\t\t\t\t\t\t<a href=\"#sec\">\n\n\t\t\t\t\t\t\t\t\t\t\t\t<span class=\"elementor-icon-list-icon\">\n\t\t\t\t\t\t\t<svg aria-hidden=\"true\" class=\"e-font-icon-svg e-fas-circle\" viewbox=\"0 0 512 512\" xmlns=\"http:\/\/www.w3.org\/2000\/svg\"><path d=\"M256 8C119 8 8 119 8 256s111 248 248 248 248-111 248-248S393 8 256 8z\"><\/path><\/svg>\t\t\t\t\t\t<\/span>\n\t\t\t\t\t\t\t\t\t\t<span class=\"elementor-icon-list-text\">R\u00e9seaux s\u00e9curis\u00e9s (LAN\/WAN)<\/span>\n\t\t\t\t\t\t\t\t\t\t\t<\/a>\n\t\t\t\t\t\t\t\t\t<\/li>\n\t\t\t\t\t\t\t\t<li class=\"elementor-icon-list-item\">\n\t\t\t\t\t\t\t\t\t\t\t<a href=\"#surveillance\">\n\n\t\t\t\t\t\t\t\t\t\t\t\t<span class=\"elementor-icon-list-icon\">\n\t\t\t\t\t\t\t<svg aria-hidden=\"true\" class=\"e-font-icon-svg e-fas-circle\" viewbox=\"0 0 512 512\" xmlns=\"http:\/\/www.w3.org\/2000\/svg\"><path d=\"M256 8C119 8 8 119 8 256s111 248 248 248 248-111 248-248S393 8 256 8z\"><\/path><\/svg>\t\t\t\t\t\t<\/span>\n\t\t\t\t\t\t\t\t\t\t<span class=\"elementor-icon-list-text\">Surveillance et contr\u00f4le d\u2019acc\u00e8s<\/span>\n\t\t\t\t\t\t\t\t\t\t\t<\/a>\n\t\t\t\t\t\t\t\t\t<\/li>\n\t\t\t\t\t\t<\/ul>\n\t\t\t\t\t\t<\/div>\n\t\t\t\t<\/div>\n\t\t<div class=\"elementor-element elementor-element-080c1ef e-con-full e-flex wpr-particle-no wpr-jarallax-no wpr-parallax-no wpr-sticky-section-no wpr-equal-height-no e-con e-child\" data-id=\"080c1ef\" data-element_type=\"container\" data-e-type=\"container\" data-settings=\"{&quot;background_background&quot;:&quot;classic&quot;}\">\n\t\t<div class=\"elementor-element elementor-element-c066c7d e-con-full e-flex wpr-particle-no wpr-jarallax-no wpr-parallax-no wpr-sticky-section-no wpr-equal-height-no e-con e-child\" data-id=\"c066c7d\" data-element_type=\"container\" data-e-type=\"container\">\n\t\t\t\t<div class=\"elementor-element elementor-element-a3be44d elementor-widget elementor-widget-heading\" data-id=\"a3be44d\" data-element_type=\"widget\" data-e-type=\"widget\" data-widget_type=\"heading.default\">\n\t\t\t\t\t<h3 class=\"elementor-heading-title elementor-size-default\">Pourquoi choisir IAT ?<\/h3>\t\t\t\t<\/div>\n\t\t\t\t<div class=\"elementor-element elementor-element-137af8e elementor-widget elementor-widget-text-editor\" data-id=\"137af8e\" data-element_type=\"widget\" data-e-type=\"widget\" data-widget_type=\"text-editor.default\">\n\t\t\t\t\t\t\t\t\t<ul style=\"margin-left: 1em;\">\n \t<li data-start=\"75\" data-end=\"200\">\n<p data-start=\"77\" data-end=\"200\"><strong data-start=\"77\" data-end=\"152\">Pr\u00e9sence locale forte en Tunisie, coupl\u00e9e \u00e0 une vision internationale:<\/strong> nous allions proximit\u00e9 et ouverture mondiale.<\/p>\n<\/li>\n \t<li data-start=\"201\" data-end=\"295\">\n<p data-start=\"203\" data-end=\"295\"><strong data-start=\"203\" data-end=\"230\">Excellence op\u00e9rationnelle:<\/strong> des processus \u00e9prouv\u00e9s, des \u00e9quipes certifi\u00e9es, une gouvernance IT rigoureuse.<\/p>\n<\/li>\n \t<li data-start=\"296\" data-end=\"428\">\n<p data-start=\"298\" data-end=\"428\"><strong data-start=\"298\" data-end=\"321\">Accompagnement strat\u00e9gique:<\/strong> nous ne nous contentons pas d\u2019installer, nous optimisons et faisons \u00e9voluer vos environnements vers les standards d\u2019avenir.\nNous sommes le partenaire de confiance pour relever vos d\u00e9fis : multi-sites, cloud-first, cybers\u00e9curit\u00e9, performance utilisateur.<\/p>\n<\/li>\n<\/ul>\t\t\t\t\t\t\t\t<\/div>\n\t\t\t\t<\/div>\n\t\t\t\t<\/div>\n\t\t\t\t<\/div>\n\t\t\t\t<\/div>\n\t\t<div class=\"elementor-element elementor-element-f310dc8 e-con-full e-flex wpr-particle-no wpr-jarallax-no wpr-parallax-no wpr-sticky-section-no wpr-equal-height-no e-con e-child\" data-id=\"f310dc8\" data-element_type=\"container\" data-e-type=\"container\">\n\t\t<div class=\"elementor-element elementor-element-871726c e-con-full e-flex wpr-particle-no wpr-jarallax-no wpr-parallax-no wpr-sticky-section-no wpr-equal-height-no e-con e-child\" data-id=\"871726c\" data-element_type=\"container\" data-e-type=\"container\" id=\"video\" data-settings=\"{&quot;background_background&quot;:&quot;classic&quot;}\">\n\t\t\t\t<div class=\"elementor-element elementor-element-0cd8ce5 elementor-widget elementor-widget-heading\" data-id=\"0cd8ce5\" data-element_type=\"widget\" data-e-type=\"widget\" data-widget_type=\"heading.default\">\n\t\t\t\t\t<h2 class=\"elementor-heading-title elementor-size-default\">1. Communications unifi\u00e9es (Vid\u00e9o \u2022 VoIP \u2022 UCaaS \u2022 CCaaS)<\/h2>\t\t\t\t<\/div>\n\t\t\t\t<div class=\"elementor-element elementor-element-8ca9728 elementor-widget elementor-widget-text-editor\" data-id=\"8ca9728\" data-element_type=\"widget\" data-e-type=\"widget\" data-widget_type=\"text-editor.default\">\n\t\t\t\t\t\t\t\t\tNous d\u00e9ployons <strong>des solutions compl\u00e8tes de communication<\/strong> int\u00e9gr\u00e9e :\n<ul>\n \t<li data-start=\"180\" data-end=\"270\"><strong>T\u00e9l\u00e9phonie IP\/VoIP<\/strong> (IPBX sur site ou en cloud, SIP Trunking, softphones, fax-email)<\/li>\n \t<li data-start=\"180\" data-end=\"270\"><strong>Visioconf\u00e9rence &amp; salles immersives<\/strong> (ex : Zoom Rooms, Microsoft Teams Rooms, \u00e9quipements Jabra\/Logitech\/Yealink\/Poly)<\/li>\n \t<li><strong>UCaaS<\/strong> \u2013 plateformes de collaboration cloud voix\/chat\/r\u00e9unions\/mobilit\u00e9<\/li>\n \t<li><strong>CCaaS<\/strong> \u2013 centres de contact omnicanal int\u00e9gr\u00e9s \u00e0 vos CRM (voix, email, messagerie instantan\u00e9e, r\u00e9seaux sociaux).<\/li>\n<\/ul>\t\t\t\t\t\t\t\t<\/div>\n\t\t\t\t<div class=\"elementor-element elementor-element-0fc55b1 elementor-widget elementor-widget-image\" data-id=\"0fc55b1\" data-element_type=\"widget\" data-e-type=\"widget\" data-widget_type=\"image.default\">\n\t\t\t\t\t\t\t\t\t\t\t\t\t\t\t<img fetchpriority=\"high\" decoding=\"async\" width=\"449\" height=\"412\" src=\"https:\/\/ia-tech.net\/wp-content\/uploads\/2025\/12\/7.jpg\" class=\"attachment-large size-large wp-image-3295\" alt=\"\" srcset=\"https:\/\/ia-tech.net\/wp-content\/uploads\/2025\/12\/7.jpg 449w, https:\/\/ia-tech.net\/wp-content\/uploads\/2025\/12\/7-300x275.jpg 300w, https:\/\/ia-tech.net\/wp-content\/uploads\/2025\/12\/7-13x12.jpg 13w\" sizes=\"(max-width: 449px) 100vw, 449px\" \/>\t\t\t\t\t\t\t\t\t\t\t\t\t\t\t<\/div>\n\t\t\t\t<\/div>\n\t\t<div class=\"elementor-element elementor-element-01821f0 e-con-full e-flex wpr-particle-no wpr-jarallax-no wpr-parallax-no wpr-sticky-section-no wpr-equal-height-no e-con e-child\" data-id=\"01821f0\" data-element_type=\"container\" data-e-type=\"container\" data-settings=\"{&quot;background_background&quot;:&quot;classic&quot;}\">\n\t\t\t\t<div class=\"elementor-element elementor-element-304ede7 elementor-widget elementor-widget-heading\" data-id=\"304ede7\" data-element_type=\"widget\" data-e-type=\"widget\" id=\"sec\" data-widget_type=\"heading.default\">\n\t\t\t\t\t<h2 class=\"elementor-heading-title elementor-size-default\">2. R\u00e9seaux s\u00e9curis\u00e9s (LAN\/WAN)<\/h2>\t\t\t\t<\/div>\n\t\t\t\t<div class=\"elementor-element elementor-element-5b480cd elementor-widget elementor-widget-text-editor\" data-id=\"5b480cd\" data-element_type=\"widget\" data-e-type=\"widget\" data-widget_type=\"text-editor.default\">\n\t\t\t\t\t\t\t\t\tNous concevons et op\u00e9rons <strong>des infrastructures r\u00e9seaux performantes<\/strong>, <strong>\u00e9volutives<\/strong>, et <strong>s\u00e9curis\u00e9es :<\/strong> <p style=\"margin-bottom: 0px\"><\/p><ul>\n \t<li data-start=\"178\" data-end=\"259\"><strong>LAN \/ Wi-Fi professionnels<\/strong> (ex : Alcatel-Lucent, Extreme Networks, HP Aruba)<\/li>\n \t<li data-start=\"178\" data-end=\"259\"><strong>Connectivit\u00e9 WAN \/ SD-WAN<\/strong> pour interconnexion de multiples sites<\/li>\n \t<li data-start=\"178\" data-end=\"259\"><strong>Solutions pare-feu nouvelle<\/strong> g\u00e9n\u00e9ration, segmentation r\u00e9seau, NAC (Network Access Control)<\/li>\n \t<li data-start=\"178\" data-end=\"259\"><strong>Supervision r\u00e9seau centralis\u00e9e<\/strong> et gestion proactive des performances<\/li>\n<\/ul>\t\t\t\t\t\t\t\t<\/div>\n\t\t\t\t<div class=\"elementor-element elementor-element-bce9449 elementor-widget elementor-widget-image\" data-id=\"bce9449\" data-element_type=\"widget\" data-e-type=\"widget\" data-widget_type=\"image.default\">\n\t\t\t\t\t\t\t\t\t\t\t\t\t\t\t<img decoding=\"async\" width=\"494\" height=\"392\" src=\"https:\/\/ia-tech.net\/wp-content\/uploads\/2025\/12\/9.jpg\" class=\"attachment-large size-large wp-image-3297\" alt=\"\" srcset=\"https:\/\/ia-tech.net\/wp-content\/uploads\/2025\/12\/9.jpg 494w, https:\/\/ia-tech.net\/wp-content\/uploads\/2025\/12\/9-300x238.jpg 300w, https:\/\/ia-tech.net\/wp-content\/uploads\/2025\/12\/9-15x12.jpg 15w\" sizes=\"(max-width: 494px) 100vw, 494px\" \/>\t\t\t\t\t\t\t\t\t\t\t\t\t\t\t<\/div>\n\t\t\t\t<\/div>\n\t\t<div class=\"elementor-element elementor-element-2b56308 e-con-full e-flex wpr-particle-no wpr-jarallax-no wpr-parallax-no wpr-sticky-section-no wpr-equal-height-no e-con e-child\" data-id=\"2b56308\" data-element_type=\"container\" data-e-type=\"container\" data-settings=\"{&quot;background_background&quot;:&quot;classic&quot;}\">\n\t\t\t\t<div class=\"elementor-element elementor-element-cc5cea8 elementor-widget elementor-widget-heading\" data-id=\"cc5cea8\" data-element_type=\"widget\" data-e-type=\"widget\" id=\"surveillance\" data-widget_type=\"heading.default\">\n\t\t\t\t\t<h2 class=\"elementor-heading-title elementor-size-default\">3. Surveillance et contr\u00f4le d\u2019acc\u00e8s<\/h2>\t\t\t\t<\/div>\n\t\t\t\t<div class=\"elementor-element elementor-element-51cbf16 elementor-widget elementor-widget-text-editor\" data-id=\"51cbf16\" data-element_type=\"widget\" data-e-type=\"widget\" data-widget_type=\"text-editor.default\">\n\t\t\t\t\t\t\t\t\tNous fournissons <strong>des solutions de s\u00fbret\u00e9 \u00e9lectronique intelligentes et multi-sites<\/strong>:\n<ul>\n \t<li data-start=\"160\" data-end=\"239\"><strong data-start=\"160\" data-end=\"185\">Vid\u00e9osurveillance IP<\/strong> avec analytique vid\u00e9o (IA), enregistrement local ou cloud<\/li>\n \t<li><strong data-start=\"242\" data-end=\"270\">Contr\u00f4le d\u2019acc\u00e8s biom\u00e9trique,<\/strong>reconnaissance faciale, acc\u00e8s via application mobile ou RFID (ex : SynGuard, ZKTeco, Hikvision, SUPREMA, Vivotek)<\/li>\n \t<li data-start=\"376\" data-end=\"458\"><strong data-start=\"376\" data-end=\"398\">Int\u00e9gration active<\/strong> avec les syst\u00e8mes d\u2019information et annuaires Active Directory<\/li>\n \t<li><strong data-start=\"461\" data-end=\"487\">Gestion centralis\u00e9e<\/strong> des visiteurs, des parkings, et alertes en temps r\u00e9el<\/li>\n<\/ul>\t\t\t\t\t\t\t\t<\/div>\n\t\t\t\t<div class=\"elementor-element elementor-element-ee5c7ee elementor-widget elementor-widget-image\" data-id=\"ee5c7ee\" data-element_type=\"widget\" data-e-type=\"widget\" data-widget_type=\"image.default\">\n\t\t\t\t\t\t\t\t\t\t\t\t\t\t\t<img decoding=\"async\" width=\"494\" height=\"280\" src=\"https:\/\/ia-tech.net\/wp-content\/uploads\/2025\/12\/10.jpg\" class=\"attachment-large size-large wp-image-3298\" alt=\"\" srcset=\"https:\/\/ia-tech.net\/wp-content\/uploads\/2025\/12\/10.jpg 494w, https:\/\/ia-tech.net\/wp-content\/uploads\/2025\/12\/10-300x170.jpg 300w, https:\/\/ia-tech.net\/wp-content\/uploads\/2025\/12\/10-18x10.jpg 18w\" sizes=\"(max-width: 494px) 100vw, 494px\" \/>\t\t\t\t\t\t\t\t\t\t\t\t\t\t\t<\/div>\n\t\t\t\t<\/div>\n\t\t\t\t<\/div>\n\t\t\t\t<\/div>\n\t\t\t\t\t<\/div>\n\t\t\t\t<\/div>\n\t\t\t\t<\/div>\n\t\t\t\t<\/div>","protected":false},"excerpt":{"rendered":"<p>Enterprise Solutions We redefine the digital environment of organizations by combining next-generation network infrastructures, unified communications, proactive cybersecurity, and intelligent virtualization to deliver a smoother, safer, and more efficient workspace.Our solutions are tailored to every need\u2014from SMEs to large enterprises\u2014ensuring connectivity, productivity, and resilience at the heart of the modern business. Telecom &amp; IT \u2013 Integration and Operator ServicesRecognized expertise serving telecom operators We support operators in their modernization projects, infrastructure integration, and transition toward more powerful, more secure, and more resilient networks.Thanks to our field expertise, combined with a reliability- and service quality\u2013focused approach, we ensure: Controlled implementation, from design to production rollout Continuous support, ensuring the availability and optimization of your networks and platforms Long-term network performance improvement to meet scalability and agility challenges Video, VoIP, UCaaS, CCaaS Secure Networks (LAN\/WAN)\u200b Surveillance &amp; Access Control\u200b Why Choose IAT? Strong local presence in Tunisia combined with an international vision: we bring together proximity and global reach. Operational excellence: proven processes, certified teams, and rigorous IT governance. Strategic guidance: we don\u2019t just deploy solutions \u2014 we optimize and evolve your environments toward future-ready standards. 1. Unified Communications (Video \u2022 VoIP \u2022 UCaaS \u2022 CCaaS) We deploy comprehensive integrated communication solutions: IP\/VoIP Telephony (on-premise or cloud IPBX, SIP Trunking, softphones, fax-to-email) Video Conferencing &amp; Immersive Rooms (e.g., Zoom Rooms, Microsoft Teams Rooms, Jabra\/Logitech\/Yealink\/Poly equipment) UCaaS \u2013 cloud collaboration platforms for voice, chat, meetings, and mobility CCaaS \u2013 omnichannel contact centers integrated with your CRM (voice, email, instant messaging, social media) 2. Secure Networks (LAN\/WAN) We design and operate high-performance, scalable, and secure network infrastructures: Professional LAN \/ Wi-Fi (e.g., Alcatel-Lucent, Extreme Networks, HP Aruba) WAN \/ SD-WAN Connectivity for interconnecting multiple sites Next-generation firewall solutions, network segmentation, NAC (Network Access Control) Centralized network monitoring and proactive performance management 3. Surveillance &amp; Access Control We provide intelligent, multi-site electronic security solutions: IP video surveillance with video analytics (AI), local or cloud recording Biometric access control, facial recognition, mobile app or RFID access (e.g., SynGuard, ZKTeco, Hikvision, SUPREMA, Vivotek) Active integration with information systems and Active Directory directories Centralized management of visitors, parking areas, and real-time alerts<\/p>","protected":false},"author":2,"featured_media":0,"parent":477,"menu_order":0,"comment_status":"closed","ping_status":"closed","template":"elementor_header_footer","meta":{"site-sidebar-layout":"no-sidebar","site-content-layout":"","ast-site-content-layout":"full-width-container","site-content-style":"default","site-sidebar-style":"default","ast-global-header-display":"","ast-banner-title-visibility":"","ast-main-header-display":"","ast-hfb-above-header-display":"","ast-hfb-below-header-display":"","ast-hfb-mobile-header-display":"","site-post-title":"","ast-breadcrumbs-content":"","ast-featured-img":"disabled","footer-sml-layout":"","ast-disable-related-posts":"","theme-transparent-header-meta":"default","adv-header-id-meta":"","stick-header-meta":"","header-above-stick-meta":"","header-main-stick-meta":"","header-below-stick-meta":"","astra-migrate-meta-layouts":"set","ast-page-background-enabled":"default","ast-page-background-meta":{"desktop":{"background-color":"var(--ast-global-color-5)","background-image":"","background-repeat":"repeat","background-position":"center center","background-size":"auto","background-attachment":"scroll","background-type":"","background-media":"","overlay-type":"","overlay-color":"","overlay-opacity":"","overlay-gradient":""},"tablet":{"background-color":"","background-image":"","background-repeat":"repeat","background-position":"center center","background-size":"auto","background-attachment":"scroll","background-type":"","background-media":"","overlay-type":"","overlay-color":"","overlay-opacity":"","overlay-gradient":""},"mobile":{"background-color":"","background-image":"","background-repeat":"repeat","background-position":"center center","background-size":"auto","background-attachment":"scroll","background-type":"","background-media":"","overlay-type":"","overlay-color":"","overlay-opacity":"","overlay-gradient":""}},"ast-content-background-meta":{"desktop":{"background-color":"var(--ast-global-color-4)","background-image":"","background-repeat":"repeat","background-position":"center center","background-size":"auto","background-attachment":"scroll","background-type":"","background-media":"","overlay-type":"","overlay-color":"","overlay-opacity":"","overlay-gradient":""},"tablet":{"background-color":"var(--ast-global-color-4)","background-image":"","background-repeat":"repeat","background-position":"center center","background-size":"auto","background-attachment":"scroll","background-type":"","background-media":"","overlay-type":"","overlay-color":"","overlay-opacity":"","overlay-gradient":""},"mobile":{"background-color":"var(--ast-global-color-4)","background-image":"","background-repeat":"repeat","background-position":"center center","background-size":"auto","background-attachment":"scroll","background-type":"","background-media":"","overlay-type":"","overlay-color":"","overlay-opacity":"","overlay-gradient":""}},"footnotes":""},"class_list":["post-505","page","type-page","status-publish","hentry"],"_links":{"self":[{"href":"https:\/\/ia-tech.net\/francais\/wp-json\/wp\/v2\/pages\/505","targetHints":{"allow":["GET"]}}],"collection":[{"href":"https:\/\/ia-tech.net\/francais\/wp-json\/wp\/v2\/pages"}],"about":[{"href":"https:\/\/ia-tech.net\/francais\/wp-json\/wp\/v2\/types\/page"}],"author":[{"embeddable":true,"href":"https:\/\/ia-tech.net\/francais\/wp-json\/wp\/v2\/users\/2"}],"replies":[{"embeddable":true,"href":"https:\/\/ia-tech.net\/francais\/wp-json\/wp\/v2\/comments?post=505"}],"version-history":[{"count":78,"href":"https:\/\/ia-tech.net\/francais\/wp-json\/wp\/v2\/pages\/505\/revisions"}],"predecessor-version":[{"id":3921,"href":"https:\/\/ia-tech.net\/francais\/wp-json\/wp\/v2\/pages\/505\/revisions\/3921"}],"up":[{"embeddable":true,"href":"https:\/\/ia-tech.net\/francais\/wp-json\/wp\/v2\/pages\/477"}],"wp:attachment":[{"href":"https:\/\/ia-tech.net\/francais\/wp-json\/wp\/v2\/media?parent=505"}],"curies":[{"name":"wp","href":"https:\/\/api.w.org\/{rel}","templated":true}]}}